{"id":2583,"date":"2018-08-27T11:48:27","date_gmt":"2018-08-27T09:48:27","guid":{"rendered":"https:\/\/www.ibizafeeling.com\/cookies-policy\/"},"modified":"2021-02-23T13:08:23","modified_gmt":"2021-02-23T11:08:23","slug":"politica-cookies","status":"publish","type":"page","link":"https:\/\/www.ibizafeeling.com\/it\/politica-cookies\/","title":{"rendered":"Politica dei cookies"},"content":{"rendered":"[vc_row type=&#8221;in_container&#8221; full_screen_row_position=&#8221;middle&#8221; scene_position=&#8221;center&#8221; text_color=&#8221;dark&#8221; text_align=&#8221;left&#8221; top_padding=&#8221;60&#8243; overlay_strength=&#8221;0.3&#8243; shape_divider_position=&#8221;bottom&#8221; shape_type=&#8221;&#8221;][vc_column column_padding=&#8221;no-extra-padding&#8221; column_padding_position=&#8221;all&#8221; background_color_opacity=&#8221;1&#8243; background_hover_color_opacity=&#8221;1&#8243; column_shadow=&#8221;none&#8221; column_border_radius=&#8221;none&#8221; width=&#8221;1\/1&#8243; tablet_text_alignment=&#8221;default&#8221; phone_text_alignment=&#8221;default&#8221; column_border_width=&#8221;none&#8221; column_border_style=&#8221;solid&#8221; offset=&#8221;vc_col-lg-10&#8243;][vc_column_text]<strong>POLITICA DEI COOKIES<\/strong><\/p>\n<p><strong><span class=\"VIiyi\" lang=\"it\"><span class=\"JLqJ4b ChMk0b\" data-language-for-alternatives=\"it\" data-language-to-translate-into=\"es\" data-phrase-index=\"0\">Introduzione e concetto di cookie.<\/span><\/span><\/strong><br \/>\nIn conformit\u00e0 con le disposizioni della seconda sezione dell&#8217;articolo 22 della legge 34\/2002, dell&#8217;11 luglio, sui servizi della societ\u00e0 dell&#8217;informazione e del commercio elettronico, con questo documento Ibiza Feeling SL, di seguito LA SOCIET\u00c0, intende farti sapere quali cookie sono, la loro funzione, utilit\u00e0 e necessit\u00e0, in modo che tu possa prendere liberamente decisioni sulla loro accettazione o meno. Nonostante ci\u00f2, sei esplicitamente informato che potrebbero essere presenti cookie necessari per le comunicazioni tra il tuo computer e la rete, nonch\u00e9 per fornire i servizi da te espressamente richiesti, essendo in entrambi i casi esentati dall&#8217;adempimento degli obblighi previsti dal citato art.<\/p>\n<p>Un cookie \u00e8 semplicemente un file con un codice anonimo che viene scaricato sul tuo computer quando accedi a determinate pagine web. Questi piccoli file consentono a una pagina Web, tra le altre cose, di archiviare, registrare e recuperare passivamente informazioni sulle abitudini di navigazione di un utente o delle sue apparecchiature sul sito Web. Queste informazioni possono consentire di conoscere il luogo da cui si accede, il tempo di connessione, il tipo di dispositivo da cui si accede (fisso o mobile), il sistema operativo, il browser, le pagine pi\u00f9 visitate e il numero di click effettuati, tra gli altri dati sul comportamento degli utenti su Internet.<\/p>\n<p>Puoi disabilitare i cookie nel tuo browser ed eliminarli in qualsiasi momento. Tuttavia, dovresti sapere che sebbene il sito web sia accessibile senza la necessit\u00e0 di attivare i cookie, la loro disattivazione potrebbe impedirne il corretto funzionamento.<\/p>\n<p><strong>Tipologie dei cookies.<\/strong><br \/>\nI cookie sono classificati nelle seguenti categorie in base alle loro funzioni:<\/p>\n<p>\u2022 <em>Cookie strettamente necessari o tecnici<\/em>: Sono quelli che consentono all&#8217;utente di navigare attraverso una pagina web, piattaforma o applicazione, nonch\u00e9 l&#8217;uso delle diverse opzioni o servizi che esistono in essa.<br \/>\n\u2022 <em>Cookie di personalizzazione<\/em>: Sono quelli che consentono all&#8217;utente di configurare alcune caratteristiche generali che acceder\u00e0 al servizio (lingua, tipo di browser, ecc.).<br \/>\n\u2022 <em>Cookie di analisi<\/em>: Sono quelli che consentono al responsabile degli stessi di monitorare e analizzare il comportamento degli utenti dei siti web a cui sono collegati. Sono utilizzati per l&#8217;analisi dell&#8217;attivit\u00e0 dei siti o delle applicazioni a cui l&#8217;utente accede, nonch\u00e9 per l&#8217;elaborazione di profili di navigazione che possono essere utilizzati per studiare miglioramenti per gli utenti in detti siti o applicazioni.<br \/>\n\u2022 <em>Cookie pubblicitari<\/em>: Servono per gestire gli spazi pubblicitari che il titolare del sito web o dell&#8217;applicazione ha in essi inserito.<br \/>\n\u2022 <em>Cookie di pubblicit\u00e0 comportamentale<\/em>: Sono quelli che consentono la gestione degli spazi pubblicitari che il titolare del sito web o dell&#8217;applicazione ha in essi inserito, nel modo pi\u00f9 efficiente possibile. Per fare ci\u00f2, utilizza i dati sul comportamento degli utenti memorizzati in questi cookie.<\/p>\n<p><strong>Utilizzo dei cookie nel sito web.<\/strong><br \/>\nTi informiamo in modo espresso, preciso ed inequivocabile che le informazioni ottenute tramite i cookies che sono installati sul tuo computer, salvo se possibile quelli utilizzati per la personalizzazione della navigazione e per questioni tecniche, non saranno da noi utilizzate. non utilizzare cookie analitici o pubblicitari di alcun tipo. I destinatari delle informazioni ottenute tramite i cookie installati sul tuo computer saranno i seguenti soggetti:<\/p>\n<p>\u2022 Ibiza Feeling<br \/>\n\u2022 Google<br \/>\n\u2022 WordPress<\/p>\n<p>Le finalit\u00e0 previste sono quelle indicate nella tabella seguente:<\/p>\n<table width=\"100%\">\n<tbody>\n<tr>\n<td width=\"21%\"><strong>Cookie<\/strong><\/td>\n<td width=\"12%\"><strong>Titolare<\/strong><\/td>\n<td width=\"22%\"><strong>Data di scadenza<\/strong><\/td>\n<td width=\"42%\"><strong>Funzionalit\u00e0<\/strong><\/td>\n<\/tr>\n<tr>\n<td width=\"21%\">PHPSESSID<\/td>\n<td width=\"12%\">Ibiza Feeling<\/td>\n<td width=\"22%\">Sessione<\/td>\n<td width=\"42%\">Questo cookie viene utilizzato dal linguaggio di programmazione PHP per gestire le variabili di sessione memorizzate sul server web. Questi cookie sono essenziali per il funzionamento del sito web.<\/td>\n<\/tr>\n<tr>\n<td width=\"21%\">crisp-client<\/td>\n<td width=\"12%\">Ibiza Feeling<\/td>\n<td width=\"22%\">Sei mesi<\/td>\n<td width=\"42%\">Viene utilizzato per le funzionalit\u00e0 di chat<\/td>\n<\/tr>\n<tr>\n<td width=\"21%\">icl visitor lang js<\/td>\n<td width=\"12%\">WordPress<\/td>\n<td width=\"22%\">1 giorno<\/td>\n<td width=\"42%\">Ricorda la lingua utilizzata dall&#8217;utente.<\/td>\n<\/tr>\n<tr>\n<td width=\"21%\">wpml browser redirect test<\/td>\n<td width=\"12%\">WordPress<\/td>\n<td width=\"22%\">Sessione<\/td>\n<td width=\"42%\">Plugin per WordPress utilizzato per il reindirizzamento del browser<\/td>\n<\/tr>\n<tr>\n<td width=\"21%\">_ga<\/td>\n<td width=\"12%\">Google<\/td>\n<td width=\"22%\">Due anni dalla sua installazione<\/td>\n<td width=\"42%\">Genera dati statistici su come viene utilizzata la pagina<\/td>\n<\/tr>\n<tr>\n<td width=\"21%\">_gid<\/td>\n<td width=\"12%\">Google<\/td>\n<td width=\"22%\">Sessione<\/td>\n<td width=\"42%\">Statistiche su come il visitatore utilizza la pagina<\/td>\n<\/tr>\n<tr>\n<td width=\"21%\">_gali<\/td>\n<td width=\"12%\">Google<\/td>\n<td width=\"22%\">Sessione<\/td>\n<td width=\"42%\">Analisi dei dati<\/td>\n<\/tr>\n<tr>\n<td width=\"21%\">_dc_gtm_UA<\/td>\n<td width=\"12%\">Google<\/td>\n<td width=\"22%\">Sessione<\/td>\n<td width=\"42%\">Utilizzato per identificare gli utenti in base a et\u00e0, sesso o interesse in DoubleClick &#8211; Google Tag Manager.<\/td>\n<\/tr>\n<\/tbody>\n<\/table>\n<p><strong>Revoca dell&#8217;autorizzazione all&#8217;uso dei cookie e delle impostazioni del browser<\/strong><br \/>\nCome ti abbiamo gi\u00e0 informato, una volta installati i Cookie, puoi, in qualsiasi momento, revocare il tuo consenso ed eliminarli. Per fare ci\u00f2, puoi utilizzare le opzioni di configurazione del contenuto e della privacy disponibili nel browser che stai utilizzando durante la navigazione sul web.<\/p>\n<p><strong>Aggiornamento della Cookie Policy e contatti<br \/>\n<\/strong>Questa politica sui cookie pu\u00f2 variare a seconda dei cookie utilizzati. Ti consigliamo di rivedere questa politica ogni volta che accedi al nostro sito Web per essere adeguatamente informato su come e perch\u00e9 utilizziamo i cookie e per essere a conoscenza di qualsiasi cambiamento nel tipo di dati che vengono raccolti.<\/p>\n<p>Se desideri porre domande sulla nostra Cookie Policy, o revocare il consenso precedentemente prestato, puoi contattare L&#8217;AZIENDA tramite il seguente indirizzo email info@ibizafeeling.com indicando nell&#8217;oggetto \u201cCookie Policy\u201d.[\/vc_column_text][\/vc_column][\/vc_row]\n","protected":false},"excerpt":{"rendered":"<p>[vc_row type=&#8221;in_container&#8221; full_screen_row_position=&#8221;middle&#8221; scene_position=&#8221;center&#8221; text_color=&#8221;dark&#8221; text_align=&#8221;left&#8221; top_padding=&#8221;60&#8243; overlay_strength=&#8221;0.3&#8243; shape_divider_position=&#8221;bottom&#8221; shape_type=&#8221;&#8221;][vc_column column_padding=&#8221;no-extra-padding&#8221; column_padding_position=&#8221;all&#8221; background_color_opacity=&#8221;1&#8243; background_hover_color_opacity=&#8221;1&#8243; column_shadow=&#8221;none&#8221; column_border_radius=&#8221;none&#8221; width=&#8221;1\/1&#8243; tablet_text_alignment=&#8221;default&#8221; phone_text_alignment=&#8221;default&#8221; column_border_width=&#8221;none&#8221; column_border_style=&#8221;solid&#8221; offset=&#8221;vc_col-lg-10&#8243;][vc_column_text]POLITICA DEI COOKIES Introduzione e concetto di cookie. In&#8230;<\/p>\n","protected":false},"author":2,"featured_media":0,"parent":0,"menu_order":0,"comment_status":"closed","ping_status":"closed","template":"","meta":{"om_disable_all_campaigns":false},"yoast_head":"<!-- This site is optimized with the Yoast SEO plugin v18.2 - https:\/\/yoast.com\/wordpress\/plugins\/seo\/ -->\n<title>Ibiza Feeling Hotels l Politica dei cookies<\/title>\n<meta name=\"robots\" content=\"index, follow, max-snippet:-1, max-image-preview:large, max-video-preview:-1\" \/>\n<link rel=\"canonical\" href=\"https:\/\/www.ibizafeeling.com\/it\/politica-cookies\/\" \/>\n<meta property=\"og:locale\" content=\"it_IT\" \/>\n<meta property=\"og:type\" content=\"article\" \/>\n<meta property=\"og:title\" content=\"Ibiza Feeling Hotels l Politica dei cookies\" \/>\n<meta property=\"og:description\" content=\"[vc_row type=&#8221;in_container&#8221; full_screen_row_position=&#8221;middle&#8221; scene_position=&#8221;center&#8221; text_color=&#8221;dark&#8221; text_align=&#8221;left&#8221; top_padding=&#8221;60&#8243; overlay_strength=&#8221;0.3&#8243; shape_divider_position=&#8221;bottom&#8221; shape_type=&#8221;&#8221;][vc_column column_padding=&#8221;no-extra-padding&#8221; column_padding_position=&#8221;all&#8221; background_color_opacity=&#8221;1&#8243; background_hover_color_opacity=&#8221;1&#8243; column_shadow=&#8221;none&#8221; column_border_radius=&#8221;none&#8221; width=&#8221;1\/1&#8243; tablet_text_alignment=&#8221;default&#8221; phone_text_alignment=&#8221;default&#8221; column_border_width=&#8221;none&#8221; column_border_style=&#8221;solid&#8221; offset=&#8221;vc_col-lg-10&#8243;][vc_column_text]POLITICA DEI COOKIES Introduzione e concetto di cookie. In...\" \/>\n<meta property=\"og:url\" content=\"https:\/\/www.ibizafeeling.com\/it\/politica-cookies\/\" \/>\n<meta property=\"og:site_name\" content=\"Ibiza Feeling\" \/>\n<meta property=\"article:publisher\" content=\"https:\/\/www.facebook.com\/ibizafeeling\" \/>\n<meta property=\"article:modified_time\" content=\"2021-02-23T11:08:23+00:00\" \/>\n<meta name=\"twitter:card\" content=\"summary_large_image\" \/>\n<meta name=\"twitter:site\" content=\"@ibizafeeling\" \/>\n<meta name=\"twitter:label1\" content=\"Tempo di lettura stimato\" \/>\n\t<meta name=\"twitter:data1\" content=\"4 minuti\" \/>\n<script type=\"application\/ld+json\" class=\"yoast-schema-graph\">{\"@context\":\"https:\/\/schema.org\",\"@graph\":[{\"@type\":\"Organization\",\"@id\":\"https:\/\/www.ibizafeeling.com\/#organization\",\"name\":\"Ibiza Feeling Hotels\",\"url\":\"https:\/\/www.ibizafeeling.com\/\",\"sameAs\":[\"https:\/\/www.facebook.com\/ibizafeeling\",\"https:\/\/www.instagram.com\/ibizafeelingroup\/\",\"https:\/\/twitter.com\/ibizafeeling\"],\"logo\":{\"@type\":\"ImageObject\",\"@id\":\"https:\/\/www.ibizafeeling.com\/#logo\",\"inLanguage\":\"it-IT\",\"url\":\"https:\/\/www.ibizafeeling.com\/wp-content\/uploads\/2017\/11\/logo.png\",\"contentUrl\":\"https:\/\/www.ibizafeeling.com\/wp-content\/uploads\/2017\/11\/logo.png\",\"width\":250,\"height\":100,\"caption\":\"Ibiza Feeling Hotels\"},\"image\":{\"@id\":\"https:\/\/www.ibizafeeling.com\/#logo\"}},{\"@type\":\"WebSite\",\"@id\":\"https:\/\/www.ibizafeeling.com\/#website\",\"url\":\"https:\/\/www.ibizafeeling.com\/\",\"name\":\"Ibiza Feeling\",\"description\":\"Hotels and apartments in Sant Antonio, Ibiza\",\"publisher\":{\"@id\":\"https:\/\/www.ibizafeeling.com\/#organization\"},\"potentialAction\":[{\"@type\":\"SearchAction\",\"target\":{\"@type\":\"EntryPoint\",\"urlTemplate\":\"https:\/\/www.ibizafeeling.com\/?s={search_term_string}\"},\"query-input\":\"required name=search_term_string\"}],\"inLanguage\":\"it-IT\"},{\"@type\":\"WebPage\",\"@id\":\"https:\/\/www.ibizafeeling.com\/it\/politica-cookies\/#webpage\",\"url\":\"https:\/\/www.ibizafeeling.com\/it\/politica-cookies\/\",\"name\":\"Ibiza Feeling Hotels l Politica dei cookies\",\"isPartOf\":{\"@id\":\"https:\/\/www.ibizafeeling.com\/#website\"},\"datePublished\":\"2018-08-27T09:48:27+00:00\",\"dateModified\":\"2021-02-23T11:08:23+00:00\",\"breadcrumb\":{\"@id\":\"https:\/\/www.ibizafeeling.com\/it\/politica-cookies\/#breadcrumb\"},\"inLanguage\":\"it-IT\",\"potentialAction\":[{\"@type\":\"ReadAction\",\"target\":[\"https:\/\/www.ibizafeeling.com\/it\/politica-cookies\/\"]}]},{\"@type\":\"BreadcrumbList\",\"@id\":\"https:\/\/www.ibizafeeling.com\/it\/politica-cookies\/#breadcrumb\",\"itemListElement\":[{\"@type\":\"ListItem\",\"position\":1,\"name\":\"Portada\",\"item\":\"https:\/\/www.ibizafeeling.com\/it\/\"},{\"@type\":\"ListItem\",\"position\":2,\"name\":\"Politica dei cookies\"}]}]}<\/script>\n<!-- \/ Yoast SEO plugin. -->","yoast_head_json":{"title":"Ibiza Feeling Hotels l Politica dei cookies","robots":{"index":"index","follow":"follow","max-snippet":"max-snippet:-1","max-image-preview":"max-image-preview:large","max-video-preview":"max-video-preview:-1"},"canonical":"https:\/\/www.ibizafeeling.com\/it\/politica-cookies\/","og_locale":"it_IT","og_type":"article","og_title":"Ibiza Feeling Hotels l Politica dei cookies","og_description":"[vc_row type=&#8221;in_container&#8221; full_screen_row_position=&#8221;middle&#8221; scene_position=&#8221;center&#8221; text_color=&#8221;dark&#8221; text_align=&#8221;left&#8221; top_padding=&#8221;60&#8243; overlay_strength=&#8221;0.3&#8243; shape_divider_position=&#8221;bottom&#8221; shape_type=&#8221;&#8221;][vc_column column_padding=&#8221;no-extra-padding&#8221; column_padding_position=&#8221;all&#8221; background_color_opacity=&#8221;1&#8243; background_hover_color_opacity=&#8221;1&#8243; column_shadow=&#8221;none&#8221; column_border_radius=&#8221;none&#8221; width=&#8221;1\/1&#8243; tablet_text_alignment=&#8221;default&#8221; phone_text_alignment=&#8221;default&#8221; column_border_width=&#8221;none&#8221; column_border_style=&#8221;solid&#8221; offset=&#8221;vc_col-lg-10&#8243;][vc_column_text]POLITICA DEI COOKIES Introduzione e concetto di cookie. In...","og_url":"https:\/\/www.ibizafeeling.com\/it\/politica-cookies\/","og_site_name":"Ibiza Feeling","article_publisher":"https:\/\/www.facebook.com\/ibizafeeling","article_modified_time":"2021-02-23T11:08:23+00:00","twitter_card":"summary_large_image","twitter_site":"@ibizafeeling","twitter_misc":{"Tempo di lettura stimato":"4 minuti"},"schema":{"@context":"https:\/\/schema.org","@graph":[{"@type":"Organization","@id":"https:\/\/www.ibizafeeling.com\/#organization","name":"Ibiza Feeling Hotels","url":"https:\/\/www.ibizafeeling.com\/","sameAs":["https:\/\/www.facebook.com\/ibizafeeling","https:\/\/www.instagram.com\/ibizafeelingroup\/","https:\/\/twitter.com\/ibizafeeling"],"logo":{"@type":"ImageObject","@id":"https:\/\/www.ibizafeeling.com\/#logo","inLanguage":"it-IT","url":"https:\/\/www.ibizafeeling.com\/wp-content\/uploads\/2017\/11\/logo.png","contentUrl":"https:\/\/www.ibizafeeling.com\/wp-content\/uploads\/2017\/11\/logo.png","width":250,"height":100,"caption":"Ibiza Feeling Hotels"},"image":{"@id":"https:\/\/www.ibizafeeling.com\/#logo"}},{"@type":"WebSite","@id":"https:\/\/www.ibizafeeling.com\/#website","url":"https:\/\/www.ibizafeeling.com\/","name":"Ibiza Feeling","description":"Hotels and apartments in Sant Antonio, Ibiza","publisher":{"@id":"https:\/\/www.ibizafeeling.com\/#organization"},"potentialAction":[{"@type":"SearchAction","target":{"@type":"EntryPoint","urlTemplate":"https:\/\/www.ibizafeeling.com\/?s={search_term_string}"},"query-input":"required name=search_term_string"}],"inLanguage":"it-IT"},{"@type":"WebPage","@id":"https:\/\/www.ibizafeeling.com\/it\/politica-cookies\/#webpage","url":"https:\/\/www.ibizafeeling.com\/it\/politica-cookies\/","name":"Ibiza Feeling Hotels l Politica dei cookies","isPartOf":{"@id":"https:\/\/www.ibizafeeling.com\/#website"},"datePublished":"2018-08-27T09:48:27+00:00","dateModified":"2021-02-23T11:08:23+00:00","breadcrumb":{"@id":"https:\/\/www.ibizafeeling.com\/it\/politica-cookies\/#breadcrumb"},"inLanguage":"it-IT","potentialAction":[{"@type":"ReadAction","target":["https:\/\/www.ibizafeeling.com\/it\/politica-cookies\/"]}]},{"@type":"BreadcrumbList","@id":"https:\/\/www.ibizafeeling.com\/it\/politica-cookies\/#breadcrumb","itemListElement":[{"@type":"ListItem","position":1,"name":"Portada","item":"https:\/\/www.ibizafeeling.com\/it\/"},{"@type":"ListItem","position":2,"name":"Politica dei cookies"}]}]}},"_links":{"self":[{"href":"https:\/\/www.ibizafeeling.com\/it\/wp-json\/wp\/v2\/pages\/2583"}],"collection":[{"href":"https:\/\/www.ibizafeeling.com\/it\/wp-json\/wp\/v2\/pages"}],"about":[{"href":"https:\/\/www.ibizafeeling.com\/it\/wp-json\/wp\/v2\/types\/page"}],"author":[{"embeddable":true,"href":"https:\/\/www.ibizafeeling.com\/it\/wp-json\/wp\/v2\/users\/2"}],"replies":[{"embeddable":true,"href":"https:\/\/www.ibizafeeling.com\/it\/wp-json\/wp\/v2\/comments?post=2583"}],"version-history":[{"count":3,"href":"https:\/\/www.ibizafeeling.com\/it\/wp-json\/wp\/v2\/pages\/2583\/revisions"}],"predecessor-version":[{"id":3522,"href":"https:\/\/www.ibizafeeling.com\/it\/wp-json\/wp\/v2\/pages\/2583\/revisions\/3522"}],"wp:attachment":[{"href":"https:\/\/www.ibizafeeling.com\/it\/wp-json\/wp\/v2\/media?parent=2583"}],"curies":[{"name":"wp","href":"https:\/\/api.w.org\/{rel}","templated":true}]}}