{"id":2582,"date":"2017-10-05T09:49:22","date_gmt":"2017-10-05T07:49:22","guid":{"rendered":"https:\/\/www.ibizafeeling.com\/legal-advice\/"},"modified":"2021-11-16T15:11:48","modified_gmt":"2021-11-16T13:11:48","slug":"condizioni-legali","status":"publish","type":"page","link":"https:\/\/www.ibizafeeling.com\/it\/condizioni-legali\/","title":{"rendered":"Condizioni Legali e di Prenotazione"},"content":{"rendered":"[vc_row type=&#8221;in_container&#8221; full_screen_row_position=&#8221;middle&#8221; scene_position=&#8221;center&#8221; text_color=&#8221;dark&#8221; text_align=&#8221;left&#8221; top_padding=&#8221;60&#8243; overlay_strength=&#8221;0.3&#8243; shape_divider_position=&#8221;bottom&#8221; shape_type=&#8221;&#8221;][vc_column column_padding=&#8221;no-extra-padding&#8221; column_padding_position=&#8221;all&#8221; background_color_opacity=&#8221;1&#8243; background_hover_color_opacity=&#8221;1&#8243; column_shadow=&#8221;none&#8221; column_border_radius=&#8221;none&#8221; width=&#8221;1\/1&#8243; tablet_text_alignment=&#8221;default&#8221; phone_text_alignment=&#8221;default&#8221; column_border_width=&#8221;none&#8221; column_border_style=&#8221;solid&#8221; offset=&#8221;vc_col-lg-10&#8243;][vc_column_text]<strong>INFORMAZIONE GENERALE<br \/>\n<\/strong>Secondo la sezione 10, Legge 34\/2002, 11 luglio, sui Servizi della Societ\u00e0 dell&#8217;Informazione e il Commercio Elettronico, mettiamo a vostra disposizione le seguenti informazioni:<\/p>\n<p>Ibiza Feeling SL ha sede in Calle Ramon y Cajal, 2 Sant Antoni de Portmany, Ibiza e CIF B57703332. Iscritta al Registro delle Imprese di Ibiza, Volume 250, Libro 249, Foglio 215, Pagina IB-10380, Iscrizione 1, ed \u00e8 la societ\u00e0 titolare del sito web ibizafeeling.com<\/p>\n<p>Nel sito <a href=\"http:\/\/www.ibizafeeling.com\">www.ibizafeeling.com<\/a> sono presenti una serie di contenuti informativi su hotel, appartamenti e ristoranti.<\/p>\n<p>Il suo obiettivo principale \u00e8 quello di facilitare i clienti e il pubblico in generale, con informazioni riguardanti l&#8217;azienda, i prodotti e servizi offerti negli hotel, appartamenti e ristoranti.<\/p>\n<p><a name=\"CondizioniPrenotazione\"><\/a><br \/>\n<strong>CONDIZIONI GENERALI DI PRENOTAZIONE<\/strong><\/p>\n<p>Le presenti Condizioni Generali di Prenotazione (di seguito Condizioni Generali) regoleranno il rapporto commerciale che nasce tra Ibiza Feeling S.L. e l&#8217;utente o cliente per il contratto stipulato attraverso i moduli che Ibiza Feeling S.L. mette a disposizione sul proprio sito web <a href=\"https:\/\/www.ibizafeeling.com\">https:\/\/www.ibizafeeling.com\/<\/a><\/p>\n<p>La prenotazione attraverso i siti web di Ibiza Feeling S.L. implicher\u00e0 l&#8217;accettazione espressa, da parte del cliente o utente delle pagine, di queste condizioni, nonch\u00e9 delle condizioni d&#8217;uso stabilite per la navigazione dell&#8217;utente attraverso i siti Web di propriet\u00e0 di Ibiza Feeling S.L.<\/p>\n<p>Le presenti condizioni troveranno applicazione fatta salva l&#8217;applicazione delle norme di legge in materia applicabili a ciascuna fattispecie.<\/p>\n<p>Le Condizioni Generali di Contratto regolano il rapporto di vendita a distanza tra Ibiza Feeling S.L. e l&#8217;utente o cliente, in conformit\u00e0 con le disposizioni legali, in particolare <a href=\"https:\/\/www.boe.es\/buscar\/pdf\/1998\/BOE-A-1998-8789-consolidado.pdf\">la legge 7\/1998 del 13 aprile<\/a>, sulle condizioni generali di contratto, <a href=\"https:\/\/www.boe.es\/boe\/dias\/2014\/03\/28\/pdfs\/BOE-A-2014-3329.pdf\">la legge 3\/2014 del 27 marzo<\/a> che modifica il testo riformulato della legge generale per la difesa dei consumatori e degli utenti , la normativa vigente e applicabile in materia di protezione dei dati personali, <a href=\"https:\/\/www.boe.es\/buscar\/pdf\/1996\/BOE-A-1996-1072-consolidado.pdf\">la legge 7\/1996 del 15 gennaio<\/a> sulla disciplina del commercio al dettaglio, e <a href=\"https:\/\/www.boe.es\/buscar\/pdf\/2002\/BOE-A-2002-13758-consolidado.pdf\">legge 34\/2002 dell&#8217;11 l\u00a1uglio<\/a>, sui servizi della societ\u00e0 dell&#8217;informazione e del commercio elettronico.<\/p>\n<ul>\n<li><strong>Informazioni utili prima della prenotazione<\/strong><\/li>\n<\/ul>\n<p>Ibiza Feeling S.L. informa che la procedura di prenotazione attraverso le proprie pagine web \u00e8 dettagliata nella corrispondente sezione per la formalizzazione della prenotazione.<\/p>\n<p>Allo stesso modo, Ibiza Feeling S.L. informa che l&#8217;utente pu\u00f2 avere accesso alle condizioni d&#8217;uso disponibili sullo stesso sito web.<\/p>\n<p>Prenotando con Ibiza Feeling S.L. attraverso il proprio sito web, l&#8217;utente o cliente dichiara espressamente di conoscere, comprendere e accettare le presenti Condizioni Generali. Allo stesso modo, l&#8217;utente dichiara di essere maggiorenne e di avere la capacit\u00e0 giuridica e di agire necessario per accedere ai siti web di Ibiza Feeling S.L. e prenota tramite loro. L&#8217;utente \u00e8 responsabile della veridicit\u00e0 dei dati inseriti nel modulo di prenotazione, quali date di alloggio, numero di persone che occuperanno la camera e dichiara di essere autorizzato a farlo per conto di tutti i membri del gruppo incluso nel prenotazione. Allo stesso modo, l&#8217;utente conferma di rispettare la normativa particolare della struttura turistica.<\/p>\n<p>Il prezzo della prenotazione comprende esclusivamente i servizi scelti e dettagliati nel modulo di prenotazione.<\/p>\n<p>Una volta effettuata la prenotazione, l&#8217;utente potr\u00e0 verificare la conferma della sua prenotazione sullo schermo, e ricever\u00e0 nell&#8217;account di posta elettronica fornito sia il voucher di prenotazione che le condizioni contrattuali che erano state precedentemente mostrate nel processo di prenotazione on-line.<\/p>\n<ul>\n<li><strong>Condizioni particolari<\/strong><\/li>\n<\/ul>\n<p>L&#8217;orario di check-in garantito \u00e8 alle 16:00 e il check-out \u00e8 entro le 12:00.<\/p>\n<p>I vantaggi esclusivi per la prenotazione sul sito ufficiale (www.ibizafeeling.com), in particolare il check-in anticipato e il check-out posticipato, sono soggetti a disponibilit\u00e0.<\/p>\n<p>La tassa di soggiorno delle Baleari non \u00e8 inclusa e deve essere pagata dal cliente al momento del check-in (prezzo 2,20\u20ac a persona\/giorno). <a href=\"https:\/\/www.boe.es\/buscar\/pdf\/2016\/BOE-A-2016-4175-consolidado.pdf\">Legge 2\/2016 del 30 settembre<\/a>.<\/p>\n<p>\u00c8 vietato fumare in tutte le camere delle nostre strutture e nelle aree comuni, ad eccezione dei balconi e dell&#8217;area piscina del The Purple Hotel. <a href=\"https:\/\/www.boe.es\/buscar\/pdf\/2010\/BOE-A-2010-20138-consolidado.pdf\">Legge 42\/2010 del 30 dicembre<\/a>, che modifica la Legge 28\/2005, del 26 dicembre, sulle misure sanitarie contro il fumo.<\/p>\n<p>Confermando la prenotazione, confermi un tipo di camera e non una camera o un numero di camera specifici. Faremo sempre del nostro meglio per soddisfare le tue preferenze, ma non possiamo garantirlo.<\/p>\n<ul>\n<li><strong>Modalit\u00e0 di pagamento<\/strong><\/li>\n<\/ul>\n<p>Ibiza Feeling S.L. richiede nelle prenotazioni tramite il proprio sito web, gli estremi di una carta di credito dell&#8217;intestatario della prenotazione. Ti verranno sempre richieste le seguenti informazioni: il numero della carta, la data di scadenza e il codice di convalida stampato in corsivo sul retro della tua carta (CVV).<\/p>\n<p>In generale, nel nostro sito web non \u00e8 richiesto il pagamento anticipato delle tariffe. Il pagamento deve essere effettuato all&#8217;arrivo in struttura in contanti o con carta. Dopo aver inserito i dettagli della carta, richiederemo la verifica della carta, quindi si collegher\u00e0 al sistema di pagamento sicuro Redsys, approvato dal Banco de Sabadell, con una transazione di 0 euro in modo che i dati della tua carta siano registrati con totale sicurezza in il nostro sistema.<\/p>\n<p>Se il cliente preferisce pagare la camera in anticipo online, le transazioni effettuate vengono crittografate nel sistema di pagamento sicuro Redsys. Questo sistema garantisce che i dati della carta di credito non vengano intercettati e che, quindi, non giungano nelle mani di soggetti diversi dalla banca incaricata di elaborare le istruzioni di pagamento del cliente.<\/p>\n<p>I dati della carta memorizzati verranno utilizzati come garanzia della prenotazione in caso di cancellazione oltre la scadenza, mancata presentazione il giorno di arrivo o quando il cliente effettua il check-out con saldo in attesa di pagamento.<\/p>\n<ul>\n<li><strong>Cancellazione della prenotazione<\/strong><\/li>\n<\/ul>\n<p>Le condizioni di cancellazione della prenotazione verranno applicate in base alla tariffa della prenotazione effettuata.<\/p>\n<p>Tariffa Flessibile: In caso di cancellazione dopo 24 ore prima dell&#8217;arrivo verr\u00e0 addebitato l&#8217;importo totale della prima notte. In caso di mancata presentazione presso la struttura verr\u00e0 addebitato anche l&#8217;importo totale della prima notte.<\/p>\n<p>Gli ospiti possono cancellare online e controllare lo stato delle loro prenotazioni su\u00a0 <a href=\"https:\/\/bookings.ibizafeeling.com\/it\/\">https:\/\/bookings.ibizafeeling.com\/it\/<\/a><\/p>\n<ul>\n<li><strong>Idioma<\/strong><\/li>\n<\/ul>\n<p>La lingua applicabile alle presenti Condizioni Generali di Prenotazione \u00e8 lo spagnolo. Pertanto, in caso di contraddizione in una qualsiasi delle versioni fornite in altre lingue, prevarr\u00e0 la versione spagnola.<\/p>\n<ul>\n<li><strong>Modifiche alle Condizioni Generali di Prenotazione<\/strong><\/li>\n<\/ul>\n<p>Il titolare del sito si riserva il diritto di modificare le presenti Condizioni Generali di Prenotazione in qualsiasi momento e senza preavviso pubblicando i nuovi termini e condizioni in questo sito. Se una qualsiasi delle clausole elencate in questi termini e condizioni viene dichiarata completamente o parzialmente nulla, questa dichiarazione avr\u00e0 effetto solo sulla disposizione corrispondente o su parte di essa dichiarata nulla. Il resto dei termini e condizioni rester\u00e0 in vigore, ritenendo la disposizione in questione esclusa in tutto o in parte.<\/p>\n<p><strong>POLITICA SULLA RISERVATEZZA<br \/>\n<\/strong>In conformit\u00e0 con la legge organica 15\/1999, del 13 dicembre, sulla protezione dei dati personali (LOPD), l&#8217;utente \u00e8 informato che tutte le informazioni fornite saranno incluse in un file, creato e conservato sotto la responsabilit\u00e0 di Ibiza Feeling SL.<\/p>\n<p>La riservatezza di tutti i tuoi dati personali sar\u00e0 sempre rispettata e sar\u00e0 utilizzata solo con le seguenti finalit\u00e0:<br \/>\n&#8211; Per soddisfare le vostre richieste di informazioni e prenotazioni nei nostri hotel, appartamenti e ristoranti con l&#8217;obiettivo di mantenere un corretto rapporto commerciale.<br \/>\n&#8211; Gestisci correttamente la tua prenotazione e comunica le tue informazioni agli hotel, appartamenti e ristoranti necessari per fornire i servizi assunti.<br \/>\n&#8211; Nel caso in cui accetti di riceverli, invieremo comunicazioni commerciali in formato elettronico, tramite newsletter frequenti o messaggi personalizzati. In qualsiasi momento puoi annullare l&#8217;abbonamento o modificare le tue informazioni.<br \/>\n&#8211; Gestisci la tua domanda di lavoro presso Ibiza Feeling SL e includi nei nostri processi di selezione del personale.<\/p>\n<p>Nessuna informazione fornita verr\u00e0 condivisa con un&#8217;organizzazione o societ\u00e0 diversa da Ibiza Feeling SL. Per esercitare i tuoi diritti di opposizione, modifica o cancellazione devi recarti presso la sede dell&#8217;azienda in Calle Ramon i Cajal 2, 07820 Sant Antoni de Portmany, scriverci alla seguente email admin@ibizafeeling.com, o chiamarci al +34 971343614.<\/p>\n<p><strong>CONDIZIONE D&#8217;USO<br \/>\n<\/strong>I norme di utilizzazione e di accesso a questo sito web sono regolati dalla normativa vigente e dal principio in buona fede, che impegna l&#8217;utente a fare un buon uso del web. Non sono consentiti comportamenti contrari alla legge, diritti o interessi di terzi.<\/p>\n<p>Essere un utente del sito web www.ibizafeeling.com implica che tu dichiari di aver letto e accettato i presenti termini e le normative legali applicabili che potrebbero essere applicate. Se per qualsiasi motivo non sei d&#8217;accordo con questi termini, non continuare a utilizzare questo sito web.<\/p>\n<p>Qualsiasi tipo di notifica e \/ o reclamo sar\u00e0 valido solo mediante dichiarazione scritta e \/ o posta certificata.<\/p>\n<p><strong>RESPONSABILIT\u00c0<br \/>\n<\/strong>Ibiza Feeling SL non \u00e8 responsabile delle informazioni e dei contenuti archiviati in forum, social media o qualsiasi altro mezzo che consenta a terzi di pubblicare contenuti in modo indipendente nel sito web del fornitore di servizi.<\/p>\n<p>Tuttavia, tenuto conto dell&#8217;art. 11 e 16 della LSSI-CE, Ibiza Feeling SL si impegna a ritirare o addirittura bloccare quei contenuti che possono influenzare o violare la legislazione nazionale o internazionale, i diritti di terzi o l&#8217;ordine pubblico e morale.<\/p>\n<p>L&#8217;azienda non sar\u00e0 responsabile per i danni e i danni prodotti da guasti o configurazioni inadeguate del software installato nel computer dell&#8217;utente. Ogni e qualsiasi responsabilit\u00e0 \u00e8 esclusa a causa di qualsiasi incidente tecnico o guasto prodotto quando l&#8217;utente accede a Internet. Allo stesso tempo, l&#8217;inesistenza di interruzioni o errori durante l&#8217;accesso al sito non \u00e8 garantita.<\/p>\n<p>Inoltre, Ibiza Feeling SL si riserva il diritto di aggiornare, modificare o eliminare le informazioni contenute nel suo sito web, cos\u00ec come la sua configurazione o presentazione, in qualsiasi momento senza assumersi alcuna responsabilit\u00e0 in merito.<\/p>\n<p><strong>PROPRIET\u00c0 INTELLETTUALE E INDUSTRIALE<br \/>\n<\/strong>Ibiza Feeling SL detiene tutti i diritti sul software della pubblicazione digitale, nonch\u00e9 i diritti di propriet\u00e0 industriale e intellettuale sui contenuti inclusi, ad eccezione dei diritti su prodotti e servizi di natura pubblica che non sono di propriet\u00e0 di questa societ\u00e0 .<\/p>\n<p>Nessun materiale pubblicato su questo sito web pu\u00f2 essere riprodotto, copiato o pubblicato senza il consenso scritto di Ibiza Feeling SL.<\/p>\n<p>Tutte le informazioni ricevute nel sito web, come commenti, suggerimenti o idee saranno considerate come fornite liberamente a Ibiza Feeling SL. Le informazioni che NON possono essere trattate in questo modo non devono essere fornite.<\/p>\n<p>Tutti i prodotti e servizi per queste pagine che NON sono di propriet\u00e0 di Ibiza Feeling SL sono marchi registrati dei rispettivi proprietari e considerati tali dalla nostra azienda. Appaiono solo nel sito web di Ibiza Feeling SL per effetti promozionali e di raccolta di informazioni. Questi proprietari possono richiedere la modifica o l&#8217;eliminazione delle informazioni di loro propriet\u00e0.<\/p>\n<p><strong>LEGGE APPLICABILE E GIURISDIZIONE<br \/>\n<\/strong>Le presenti condizioni generali sono regolate dalla legislazione spagnola. Per qualsiasi controversia che possa sorgere in relazione al sito Web o all&#8217;attivit\u00e0 sviluppata in esso, i tribunali di Ibiza saranno competenti per risolvere la questione, l&#8217;utente rinuncia espressamente al diritto a qualsiasi altra giurisdizione che possa corrispondere.<\/p>\n<p><strong>POLITICA DEI COOKIES<br \/>\n<\/strong>Ibiza Feeling SL, da sola o da una terza parte incaricata di fornire servizi di analisi, pu\u00f2 utilizzare i cookie quando l&#8217;utente naviga nel sito web. I cookie sono file inviati al browser tramite un servizio web con lo scopo di registrare le attivit\u00e0 degli utenti durante il loro tempo di navigazione.<\/p>\n<p>I cookie utilizzati sono associati solo a un utente anonimo e al suo computer e non forniscono da soli i dati personali dell&#8217;utente.<\/p>\n<p>Attraverso l&#8217;uso dei cookies \u00e8 possibile che il server in cui si trova il sito riconosca il browser web utilizzato dall&#8217;utente con l&#8217;obiettivo di facilitarne la navigazione. Sono inoltre utilizzati per misurare il pubblico e i parametri di traffico, nonch\u00e9 per controllare il processo e il numero di voci.<\/p>\n<p>L&#8217;utente ha la possibilit\u00e0 di configurare il proprio browser per essere avvisato della ricezione di cookie e per impedirne l&#8217;installazione nel proprio computer. Consulta le istruzioni e i manuali del tuo computer per ampliare queste informazioni.<\/p>\n<p>Per utilizzare il sito Web, non \u00e8 necessario che l&#8217;utente consenta l&#8217;installazione di cookie inviati al sito Web oa terzi che agiscono per loro conto, senza richiedere all&#8217;utente di avviare una sessione in ciascuno dei servizi per i quali \u00e8 richiesta la precedente registrazione .<\/p>\n<p>In ogni caso i cookie hanno natura temporanea con l&#8217;unico scopo di rendere pi\u00f9 efficiente la navigazione successiva. In nessun caso verranno utilizzati cookies per raccogliere informazioni personali.<\/p>\n<p><strong>REGISTRO DELLE AZIENDE E DELLE ATTIVIT\u00c0 TURISTICHE DI IBIZA<br \/>\n<\/strong>In conformit\u00e0 con l&#8217;articolo 87 del decreto 20\/2015 del 17 aprile del governo delle Illes Balears, pubblichiamo le seguenti informazioni per i nostri stabilimenti:<\/p>\n<p>&#8211; The Red Hotel, 2 stelle. Registrato con codice H-PM-455<br \/>\n&#8211; The Purple Hotel, 3 stelle. Registrato con codice H-PM-1920<br \/>\n&#8211; The Blue Apartments, 1 chiave. Registrato con codice A-PM-2005<br \/>\n&#8211; The White Apartments, 1 chiave. Registrato con codice A-PM-2001<\/p>\n<p><strong>INFORMAZIONI SUI CONTATTI<\/strong><br \/>\nPuoi contattare Ibiza Feeling SL tramite:<br \/>\n&#8211; Telefono. +34971 34 36 14<br \/>\n&#8211; E-mail. info@ibizafeeling.com<br \/>\n&#8211; Indirizzo. Calle Ram\u00f3n y Cajal, 2 &#8211; 07820 San Antonio, Spagna.<br \/>\n&#8211; Facebook. https:\/\/www.facebook.com\/ibizafeeling\/[\/vc_column_text][\/vc_column][\/vc_row]\n","protected":false},"excerpt":{"rendered":"<p>[vc_row type=&#8221;in_container&#8221; full_screen_row_position=&#8221;middle&#8221; scene_position=&#8221;center&#8221; text_color=&#8221;dark&#8221; text_align=&#8221;left&#8221; top_padding=&#8221;60&#8243; overlay_strength=&#8221;0.3&#8243; shape_divider_position=&#8221;bottom&#8221; shape_type=&#8221;&#8221;][vc_column column_padding=&#8221;no-extra-padding&#8221; column_padding_position=&#8221;all&#8221; background_color_opacity=&#8221;1&#8243; background_hover_color_opacity=&#8221;1&#8243; column_shadow=&#8221;none&#8221; column_border_radius=&#8221;none&#8221; width=&#8221;1\/1&#8243; tablet_text_alignment=&#8221;default&#8221; phone_text_alignment=&#8221;default&#8221; column_border_width=&#8221;none&#8221; column_border_style=&#8221;solid&#8221; offset=&#8221;vc_col-lg-10&#8243;][vc_column_text]INFORMAZIONE GENERALE Secondo la sezione 10, Legge 34\/2002, 11&#8230;<\/p>\n","protected":false},"author":1,"featured_media":0,"parent":0,"menu_order":0,"comment_status":"closed","ping_status":"closed","template":"","meta":{"om_disable_all_campaigns":false},"yoast_head":"<!-- This site is optimized with the Yoast SEO plugin v18.2 - https:\/\/yoast.com\/wordpress\/plugins\/seo\/ -->\n<title>Condizioni Legali e di Prenotazione | Ibiza Feeling Hotels<\/title>\n<meta name=\"description\" content=\"Tutte le informazioni legali e di prenotazione, sicurezza, uso dei cookie, propriet\u00e0 industriale e intellettuale di Ibiza Feeling Hotels.\" \/>\n<meta name=\"robots\" content=\"index, follow, max-snippet:-1, max-image-preview:large, max-video-preview:-1\" \/>\n<link rel=\"canonical\" href=\"https:\/\/www.ibizafeeling.com\/it\/condizioni-legali\/\" \/>\n<meta property=\"og:locale\" content=\"it_IT\" \/>\n<meta property=\"og:type\" content=\"article\" \/>\n<meta property=\"og:title\" content=\"Condizioni Legali e di Prenotazione | Ibiza Feeling Hotels\" \/>\n<meta property=\"og:description\" content=\"Tutte le informazioni legali e di prenotazione, sicurezza, uso dei cookie, propriet\u00e0 industriale e intellettuale di Ibiza Feeling Hotels.\" \/>\n<meta property=\"og:url\" content=\"https:\/\/www.ibizafeeling.com\/it\/condizioni-legali\/\" \/>\n<meta property=\"og:site_name\" content=\"Ibiza Feeling\" \/>\n<meta property=\"article:publisher\" content=\"https:\/\/www.facebook.com\/ibizafeeling\" \/>\n<meta property=\"article:modified_time\" content=\"2021-11-16T13:11:48+00:00\" \/>\n<meta name=\"twitter:card\" content=\"summary_large_image\" \/>\n<meta name=\"twitter:site\" content=\"@ibizafeeling\" \/>\n<meta name=\"twitter:label1\" content=\"Tempo di lettura stimato\" \/>\n\t<meta name=\"twitter:data1\" content=\"11 minuti\" \/>\n<script type=\"application\/ld+json\" class=\"yoast-schema-graph\">{\"@context\":\"https:\/\/schema.org\",\"@graph\":[{\"@type\":\"Organization\",\"@id\":\"https:\/\/www.ibizafeeling.com\/#organization\",\"name\":\"Ibiza Feeling Hotels\",\"url\":\"https:\/\/www.ibizafeeling.com\/\",\"sameAs\":[\"https:\/\/www.facebook.com\/ibizafeeling\",\"https:\/\/www.instagram.com\/ibizafeelingroup\/\",\"https:\/\/twitter.com\/ibizafeeling\"],\"logo\":{\"@type\":\"ImageObject\",\"@id\":\"https:\/\/www.ibizafeeling.com\/#logo\",\"inLanguage\":\"it-IT\",\"url\":\"https:\/\/www.ibizafeeling.com\/wp-content\/uploads\/2017\/11\/logo.png\",\"contentUrl\":\"https:\/\/www.ibizafeeling.com\/wp-content\/uploads\/2017\/11\/logo.png\",\"width\":250,\"height\":100,\"caption\":\"Ibiza Feeling Hotels\"},\"image\":{\"@id\":\"https:\/\/www.ibizafeeling.com\/#logo\"}},{\"@type\":\"WebSite\",\"@id\":\"https:\/\/www.ibizafeeling.com\/#website\",\"url\":\"https:\/\/www.ibizafeeling.com\/\",\"name\":\"Ibiza Feeling\",\"description\":\"Hotels and apartments in Sant Antonio, Ibiza\",\"publisher\":{\"@id\":\"https:\/\/www.ibizafeeling.com\/#organization\"},\"potentialAction\":[{\"@type\":\"SearchAction\",\"target\":{\"@type\":\"EntryPoint\",\"urlTemplate\":\"https:\/\/www.ibizafeeling.com\/?s={search_term_string}\"},\"query-input\":\"required name=search_term_string\"}],\"inLanguage\":\"it-IT\"},{\"@type\":\"WebPage\",\"@id\":\"https:\/\/www.ibizafeeling.com\/it\/condizioni-legali\/#webpage\",\"url\":\"https:\/\/www.ibizafeeling.com\/it\/condizioni-legali\/\",\"name\":\"Condizioni Legali e di Prenotazione | Ibiza Feeling Hotels\",\"isPartOf\":{\"@id\":\"https:\/\/www.ibizafeeling.com\/#website\"},\"datePublished\":\"2017-10-05T07:49:22+00:00\",\"dateModified\":\"2021-11-16T13:11:48+00:00\",\"description\":\"Tutte le informazioni legali e di prenotazione, sicurezza, uso dei cookie, propriet\u00e0 industriale e intellettuale di Ibiza Feeling Hotels.\",\"breadcrumb\":{\"@id\":\"https:\/\/www.ibizafeeling.com\/it\/condizioni-legali\/#breadcrumb\"},\"inLanguage\":\"it-IT\",\"potentialAction\":[{\"@type\":\"ReadAction\",\"target\":[\"https:\/\/www.ibizafeeling.com\/it\/condizioni-legali\/\"]}]},{\"@type\":\"BreadcrumbList\",\"@id\":\"https:\/\/www.ibizafeeling.com\/it\/condizioni-legali\/#breadcrumb\",\"itemListElement\":[{\"@type\":\"ListItem\",\"position\":1,\"name\":\"Portada\",\"item\":\"https:\/\/www.ibizafeeling.com\/it\/\"},{\"@type\":\"ListItem\",\"position\":2,\"name\":\"Condizioni Legali e di Prenotazione\"}]}]}<\/script>\n<!-- \/ Yoast SEO plugin. -->","yoast_head_json":{"title":"Condizioni Legali e di Prenotazione | Ibiza Feeling Hotels","description":"Tutte le informazioni legali e di prenotazione, sicurezza, uso dei cookie, propriet\u00e0 industriale e intellettuale di Ibiza Feeling Hotels.","robots":{"index":"index","follow":"follow","max-snippet":"max-snippet:-1","max-image-preview":"max-image-preview:large","max-video-preview":"max-video-preview:-1"},"canonical":"https:\/\/www.ibizafeeling.com\/it\/condizioni-legali\/","og_locale":"it_IT","og_type":"article","og_title":"Condizioni Legali e di Prenotazione | Ibiza Feeling Hotels","og_description":"Tutte le informazioni legali e di prenotazione, sicurezza, uso dei cookie, propriet\u00e0 industriale e intellettuale di Ibiza Feeling Hotels.","og_url":"https:\/\/www.ibizafeeling.com\/it\/condizioni-legali\/","og_site_name":"Ibiza Feeling","article_publisher":"https:\/\/www.facebook.com\/ibizafeeling","article_modified_time":"2021-11-16T13:11:48+00:00","twitter_card":"summary_large_image","twitter_site":"@ibizafeeling","twitter_misc":{"Tempo di lettura stimato":"11 minuti"},"schema":{"@context":"https:\/\/schema.org","@graph":[{"@type":"Organization","@id":"https:\/\/www.ibizafeeling.com\/#organization","name":"Ibiza Feeling Hotels","url":"https:\/\/www.ibizafeeling.com\/","sameAs":["https:\/\/www.facebook.com\/ibizafeeling","https:\/\/www.instagram.com\/ibizafeelingroup\/","https:\/\/twitter.com\/ibizafeeling"],"logo":{"@type":"ImageObject","@id":"https:\/\/www.ibizafeeling.com\/#logo","inLanguage":"it-IT","url":"https:\/\/www.ibizafeeling.com\/wp-content\/uploads\/2017\/11\/logo.png","contentUrl":"https:\/\/www.ibizafeeling.com\/wp-content\/uploads\/2017\/11\/logo.png","width":250,"height":100,"caption":"Ibiza Feeling Hotels"},"image":{"@id":"https:\/\/www.ibizafeeling.com\/#logo"}},{"@type":"WebSite","@id":"https:\/\/www.ibizafeeling.com\/#website","url":"https:\/\/www.ibizafeeling.com\/","name":"Ibiza Feeling","description":"Hotels and apartments in Sant Antonio, Ibiza","publisher":{"@id":"https:\/\/www.ibizafeeling.com\/#organization"},"potentialAction":[{"@type":"SearchAction","target":{"@type":"EntryPoint","urlTemplate":"https:\/\/www.ibizafeeling.com\/?s={search_term_string}"},"query-input":"required name=search_term_string"}],"inLanguage":"it-IT"},{"@type":"WebPage","@id":"https:\/\/www.ibizafeeling.com\/it\/condizioni-legali\/#webpage","url":"https:\/\/www.ibizafeeling.com\/it\/condizioni-legali\/","name":"Condizioni Legali e di Prenotazione | Ibiza Feeling Hotels","isPartOf":{"@id":"https:\/\/www.ibizafeeling.com\/#website"},"datePublished":"2017-10-05T07:49:22+00:00","dateModified":"2021-11-16T13:11:48+00:00","description":"Tutte le informazioni legali e di prenotazione, sicurezza, uso dei cookie, propriet\u00e0 industriale e intellettuale di Ibiza Feeling Hotels.","breadcrumb":{"@id":"https:\/\/www.ibizafeeling.com\/it\/condizioni-legali\/#breadcrumb"},"inLanguage":"it-IT","potentialAction":[{"@type":"ReadAction","target":["https:\/\/www.ibizafeeling.com\/it\/condizioni-legali\/"]}]},{"@type":"BreadcrumbList","@id":"https:\/\/www.ibizafeeling.com\/it\/condizioni-legali\/#breadcrumb","itemListElement":[{"@type":"ListItem","position":1,"name":"Portada","item":"https:\/\/www.ibizafeeling.com\/it\/"},{"@type":"ListItem","position":2,"name":"Condizioni Legali e di Prenotazione"}]}]}},"_links":{"self":[{"href":"https:\/\/www.ibizafeeling.com\/it\/wp-json\/wp\/v2\/pages\/2582"}],"collection":[{"href":"https:\/\/www.ibizafeeling.com\/it\/wp-json\/wp\/v2\/pages"}],"about":[{"href":"https:\/\/www.ibizafeeling.com\/it\/wp-json\/wp\/v2\/types\/page"}],"author":[{"embeddable":true,"href":"https:\/\/www.ibizafeeling.com\/it\/wp-json\/wp\/v2\/users\/1"}],"replies":[{"embeddable":true,"href":"https:\/\/www.ibizafeeling.com\/it\/wp-json\/wp\/v2\/comments?post=2582"}],"version-history":[{"count":6,"href":"https:\/\/www.ibizafeeling.com\/it\/wp-json\/wp\/v2\/pages\/2582\/revisions"}],"predecessor-version":[{"id":4321,"href":"https:\/\/www.ibizafeeling.com\/it\/wp-json\/wp\/v2\/pages\/2582\/revisions\/4321"}],"wp:attachment":[{"href":"https:\/\/www.ibizafeeling.com\/it\/wp-json\/wp\/v2\/media?parent=2582"}],"curies":[{"name":"wp","href":"https:\/\/api.w.org\/{rel}","templated":true}]}}