{"id":7993,"date":"2025-06-25T08:49:28","date_gmt":"2025-06-25T06:49:28","guid":{"rendered":"https:\/\/www.ibizafeeling.com\/empleo\/"},"modified":"2025-06-25T14:42:34","modified_gmt":"2025-06-25T12:42:34","slug":"empleo","status":"publish","type":"page","link":"https:\/\/www.ibizafeeling.com\/es\/empleo\/","title":{"rendered":"Trabaja con nosotros"},"content":{"rendered":"[vc_row type=\u00bbin_container\u00bb full_screen_row_position=\u00bbmiddle\u00bb column_margin=\u00bbdefault\u00bb column_direction=\u00bbdefault\u00bb column_direction_tablet=\u00bbdefault\u00bb column_direction_phone=\u00bbdefault\u00bb scene_position=\u00bbcenter\u00bb bottom_margin=\u00bb12%\u00bb text_color=\u00bbdark\u00bb text_align=\u00bbleft\u00bb row_border_radius=\u00bbnone\u00bb row_border_radius_applies=\u00bbbg\u00bb overflow=\u00bbvisible\u00bb advanced_gradient_angle=\u00bb0&#8243; overlay_strength=\u00bb0.3&#8243; gradient_direction=\u00bbleft_to_right\u00bb shape_divider_position=\u00bbbottom\u00bb bg_image_animation=\u00bbnone\u00bb gradient_type=\u00bbdefault\u00bb shape_type=\u00bb\u00bb][vc_column column_padding=\u00bbno-extra-padding\u00bb column_padding_tablet=\u00bbinherit\u00bb column_padding_phone=\u00bbinherit\u00bb column_padding_position=\u00bball\u00bb column_element_spacing=\u00bbdefault\u00bb background_color_opacity=\u00bb1&#8243; background_hover_color_opacity=\u00bb1&#8243; column_shadow=\u00bbnone\u00bb column_border_radius=\u00bbnone\u00bb column_link_target=\u00bb_self\u00bb column_position=\u00bbrelative\u00bb zindex=\u00bb10&#8243; el_class=\u00bbtextcol\u00bb advanced_gradient_angle=\u00bb0&#8243; gradient_direction=\u00bbleft_to_right\u00bb overlay_strength=\u00bb0.3&#8243; width=\u00bb1\/3&#8243; tablet_width_inherit=\u00bbdefault\u00bb tablet_text_alignment=\u00bbdefault\u00bb phone_text_alignment=\u00bbdefault\u00bb animation_type=\u00bbdefault\u00bb bg_image_animation=\u00bbnone\u00bb border_type=\u00bbsimple\u00bb column_border_width=\u00bbnone\u00bb column_border_style=\u00bbsolid\u00bb gradient_type=\u00bbdefault\u00bb][nectar_text_inline_images media_type=\u00bbimages\u00bb image_size=\u00bbmedium\u00bb image_effect=\u00bbnone\u00bb image_loading=\u00bbdefault\u00bb]\n<h1 style=\"margin-top: 12%;\">\u00danete al equipo de Ibiza Feeling<\/h1>\n[\/nectar_text_inline_images][vc_column_text]En Ibiza Feeling buscamos personas apasionadas por la hosteler\u00eda, con ganas de formar parte de una cadena de hoteles y restaurantes que valora la calidad, el trabajo en equipo y el trato cercano.[\/vc_column_text][image_with_animation image_url=\u00bb7970&#8243; image_size=\u00bbfull\u00bb animation_type=\u00bbentrance\u00bb animation=\u00bbFade In\u00bb hover_animation=\u00bbnone\u00bb alignment=\u00bb\u00bb border_radius=\u00bbnone\u00bb box_shadow=\u00bbnone\u00bb image_loading=\u00bbdefault\u00bb max_width=\u00bb100%\u00bb max_width_mobile=\u00bbdefault\u00bb position_desktop=\u00bbabsolute\u00bb position_tablet=\u00bbrelative\u00bb position_phone=\u00bbrelative\u00bb top_position_desktop=\u00bb110%\u00bb top_position_tablet=\u00bb0%\u00bb top_position_phone=\u00bb0%\u00bb translate_x_desktop=\u00bb30%\u00bb translate_x_tablet=\u00bb0%\u00bb translate_x_phone=\u00bb0%\u00bb custom_sizes_attr=\u00bb500px\u00bb margin_top=\u00bb40px\u00bb][\/vc_column][vc_column column_padding=\u00bbno-extra-padding\u00bb column_padding_tablet=\u00bbinherit\u00bb column_padding_phone=\u00bbinherit\u00bb column_padding_position=\u00bball\u00bb column_element_spacing=\u00bbdefault\u00bb background_color_opacity=\u00bb1&#8243; background_hover_color_opacity=\u00bb1&#8243; column_shadow=\u00bbnone\u00bb column_border_radius=\u00bbnone\u00bb column_link_target=\u00bb_self\u00bb column_position=\u00bbdefault\u00bb gradient_direction=\u00bbleft_to_right\u00bb overlay_strength=\u00bb0.3&#8243; width=\u00bb2\/3&#8243; tablet_width_inherit=\u00bbdefault\u00bb tablet_text_alignment=\u00bbdefault\u00bb phone_text_alignment=\u00bbdefault\u00bb animation_type=\u00bbdefault\u00bb bg_image_animation=\u00bbnone\u00bb border_type=\u00bbsimple\u00bb column_border_width=\u00bbnone\u00bb column_border_style=\u00bbsolid\u00bb][image_with_animation image_url=\u00bb7966&#8243; image_size=\u00bbfull\u00bb animation_type=\u00bbentrance\u00bb animation=\u00bbFade In\u00bb hover_animation=\u00bbnone\u00bb alignment=\u00bb\u00bb border_radius=\u00bbnone\u00bb box_shadow=\u00bbnone\u00bb image_loading=\u00bbdefault\u00bb max_width=\u00bb100%\u00bb max_width_mobile=\u00bbdefault\u00bb][vc_row_inner column_margin=\u00bbdefault\u00bb column_direction=\u00bbdefault\u00bb column_direction_tablet=\u00bbdefault\u00bb column_direction_phone=\u00bbdefault\u00bb text_align=\u00bbleft\u00bb row_position=\u00bbdefault\u00bb row_position_tablet=\u00bbinherit\u00bb row_position_phone=\u00bbinherit\u00bb overflow=\u00bbvisible\u00bb pointer_events=\u00bball\u00bb][vc_column_inner column_padding=\u00bbno-extra-padding\u00bb column_padding_tablet=\u00bbinherit\u00bb column_padding_phone=\u00bbinherit\u00bb column_padding_position=\u00bball\u00bb left_margin=\u00bb40%\u00bb column_element_spacing=\u00bbdefault\u00bb background_color_opacity=\u00bb1&#8243; background_hover_color_opacity=\u00bb1&#8243; column_shadow=\u00bbnone\u00bb column_border_radius=\u00bbnone\u00bb column_link_target=\u00bb_self\u00bb advanced_gradient_angle=\u00bb0&#8243; gradient_direction=\u00bbleft_to_right\u00bb overlay_strength=\u00bb0.3&#8243; width=\u00bb1\/1&#8243; tablet_width_inherit=\u00bbdefault\u00bb animation_type=\u00bbdefault\u00bb bg_image_animation=\u00bbnone\u00bb border_type=\u00bbsimple\u00bb column_border_width=\u00bbnone\u00bb column_border_style=\u00bbsolid\u00bb gradient_type=\u00bbdefault\u00bb][vc_column_text]Nuestro equipo lo forman profesionales comprometidos, que cuidan cada detalle para ofrecer experiencias \u00fanicas a nuestros hu\u00e9spedes y comensales. Si te identificas con nuestros valores y quieres crecer en un entorno din\u00e1mico, estaremos encantados de conocerte.<br \/>\nConsulta nuestras ofertas y da el siguiente paso en tu carrera con nosotros.[\/vc_column_text][\/vc_column_inner][\/vc_row_inner][\/vc_column][\/vc_row][vc_row type=\u00bbin_container\u00bb full_screen_row_position=\u00bbmiddle\u00bb column_margin=\u00bbdefault\u00bb column_direction=\u00bbdefault\u00bb column_direction_tablet=\u00bbdefault\u00bb column_direction_phone=\u00bbdefault\u00bb scene_position=\u00bbcenter\u00bb text_color=\u00bbdark\u00bb text_align=\u00bbleft\u00bb row_border_radius=\u00bbnone\u00bb row_border_radius_applies=\u00bbbg\u00bb overflow=\u00bbvisible\u00bb overlay_strength=\u00bb0.3&#8243; gradient_direction=\u00bbleft_to_right\u00bb shape_divider_position=\u00bbbottom\u00bb bg_image_animation=\u00bbnone\u00bb][vc_column column_padding=\u00bbno-extra-padding\u00bb column_padding_tablet=\u00bbinherit\u00bb column_padding_phone=\u00bbinherit\u00bb column_padding_position=\u00bball\u00bb column_element_spacing=\u00bbdefault\u00bb background_color_opacity=\u00bb1&#8243; background_hover_color_opacity=\u00bb1&#8243; column_shadow=\u00bbnone\u00bb column_border_radius=\u00bbnone\u00bb column_link_target=\u00bb_self\u00bb column_position=\u00bbdefault\u00bb gradient_direction=\u00bbleft_to_right\u00bb overlay_strength=\u00bb0.3&#8243; width=\u00bb1\/1&#8243; tablet_width_inherit=\u00bbdefault\u00bb tablet_text_alignment=\u00bbdefault\u00bb phone_text_alignment=\u00bbdefault\u00bb animation_type=\u00bbdefault\u00bb bg_image_animation=\u00bbnone\u00bb border_type=\u00bbsimple\u00bb column_border_width=\u00bbnone\u00bb column_border_style=\u00bbsolid\u00bb][vc_column_text css=\u00bb.vc_custom_1750837054754{margin-bottom: 40px !important;}\u00bb]\n<h2>Trabaja con nosotros<\/h2>\n[\/vc_column_text][vc_column_text css=\u00bb.vc_custom_1750852222109{margin-bottom: 40px !important;}\u00bb]<div role=\"form\" class=\"wpcf7\" id=\"wpcf7-f7988-o1\" lang=\"es-ES\" dir=\"ltr\">\n<div class=\"screen-reader-response\"><p role=\"status\" aria-live=\"polite\" aria-atomic=\"true\"><\/p> <ul><\/ul><\/div>\n<form action=\"\/es\/wp-json\/wp\/v2\/pages\/7993#wpcf7-f7988-o1\" method=\"post\" class=\"wpcf7-form init\" enctype=\"multipart\/form-data\" novalidate=\"novalidate\" data-status=\"init\">\n<div style=\"display: none;\">\n<input type=\"hidden\" name=\"_wpcf7\" value=\"7988\" \/>\n<input type=\"hidden\" name=\"_wpcf7_version\" value=\"5.5.6\" \/>\n<input type=\"hidden\" name=\"_wpcf7_locale\" value=\"es_ES\" \/>\n<input type=\"hidden\" name=\"_wpcf7_unit_tag\" value=\"wpcf7-f7988-o1\" \/>\n<input type=\"hidden\" name=\"_wpcf7_container_post\" value=\"0\" \/>\n<input type=\"hidden\" name=\"_wpcf7_posted_data_hash\" value=\"\" \/>\n<input type=\"hidden\" name=\"_wpcf7_recaptcha_response\" value=\"\" \/>\n<\/div>\n<p><label> Nombre *<br \/>\n<span class=\"wpcf7-form-control-wrap your-name\"><input type=\"text\" name=\"your-name\" value=\"\" size=\"40\" class=\"wpcf7-form-control wpcf7-text wpcf7-validates-as-required\" aria-required=\"true\" aria-invalid=\"false\" \/><\/span><br \/>\n<\/label><\/p>\n<p><label> Email *<br \/>\n<span class=\"wpcf7-form-control-wrap your-email\"><input type=\"email\" name=\"your-email\" value=\"\" size=\"40\" class=\"wpcf7-form-control wpcf7-text wpcf7-email wpcf7-validates-as-required wpcf7-validates-as-email\" aria-required=\"true\" aria-invalid=\"false\" \/><\/span><br \/>\n<\/label><\/p>\n<p><label> Mensaje *<br \/>\n<span class=\"wpcf7-form-control-wrap your-message\"><textarea name=\"your-message\" cols=\"40\" rows=\"10\" class=\"wpcf7-form-control wpcf7-textarea wpcf7-validates-as-required\" aria-required=\"true\" aria-invalid=\"false\"><\/textarea><\/span><br \/>\n<\/label><\/p>\n<p><label> Adjuntar CV (formato PDF, DOC o DOCX, m\u00e1x. 5MB)<br \/>\n<span class=\"wpcf7-form-control-wrap your-cv\"><input type=\"file\" name=\"your-cv\" size=\"40\" class=\"wpcf7-form-control wpcf7-file wpcf7-validates-as-required\" accept=\".pdf,.doc,.docx\" aria-required=\"true\" aria-invalid=\"false\" \/><\/span><br \/>\n<\/label><\/p>\n<p><label><br \/>\n<span class=\"wpcf7-form-control-wrap acceptance-407\"><span class=\"wpcf7-form-control wpcf7-acceptance\"><span class=\"wpcf7-list-item\"><input type=\"checkbox\" name=\"acceptance-407\" value=\"1\" aria-invalid=\"false\" \/><\/span><\/span><\/span> He le\u00eddo y acepto la <a href=\"https:\/\/www.ibizafeeling.com\/es\/aviso-legal\/\" style=\"color: #304756; text-decoration:underline;\">pol\u00edtica de privacidad<\/a><br \/>\n<\/label><\/p>\n\n<p><br><\/p>\n<p><input type=\"submit\" value=\"Enviar\" class=\"wpcf7-form-control has-spinner wpcf7-submit\" \/><\/p>\n<div class=\"fs_14\">* Campos obligatorios<\/div>\n<div class=\"wpcf7-response-output\" aria-hidden=\"true\"><\/div><\/form><\/div>[\/vc_column_text][vc_column_text]\n<div id=\"message-list_1750834332.648559\" class=\"c-virtual_list__item\" tabindex=\"0\" role=\"listitem\" aria-setsize=\"-1\" data-qa=\"virtual-list-item\" data-item-key=\"1750834332.648559\">\n<div class=\"c-message_kit__background p-message_pane_message__message c-message_kit__message\" role=\"presentation\" data-qa=\"message_container\" data-qa-unprocessed=\"false\" data-qa-placeholder=\"false\">\n<div class=\"c-message_kit__hover\" role=\"document\" aria-roledescription=\"mensaje\" data-qa-hover=\"true\">\n<div class=\"c-message_kit__actions c-message_kit__actions--above\">\n<div class=\"c-message_kit__gutter\">\n<div class=\"c-message_kit__gutter__right\" role=\"presentation\" data-qa=\"message_content\">\n<div class=\"c-message_kit__blocks c-message_kit__blocks--rich_text\">\n<div class=\"c-message__message_blocks c-message__message_blocks--rich_text\" data-qa=\"message-text\">\n<div class=\"p-block_kit_renderer\" data-qa=\"block-kit-renderer\">\n<div class=\"p-block_kit_renderer__block_wrapper p-block_kit_renderer__block_wrapper--first\">\n<div class=\"p-rich_text_block\" dir=\"auto\">\n<div class=\"p-rich_text_section\">En cumplimiento de la normativa vigente en materia de protecci\u00f3n de datos personales y de la vigente Ley de Servicios de la Sociedad e la Informaci\u00f3n y de Comercio Electr\u00f3nico, le comunicamos que sus datos personales, entre ellos su direcci\u00f3n de correo electr\u00f3nico, forman parte de nuestra base de datos cuya finalidad es el mantenimiento de las relaciones comerciales derivadas de la prestaci\u00f3n de servicios hoteleros y de hosteler\u00eda. El tratamiento es l\u00edcito en base a, al menos, una de las condiciones siguientes: El interesado dio su consentimiento para el tratamiento de sus datos personales para uno o varios fines espec\u00edficos; El tratamiento es necesario para la ejecuci\u00f3n de un contrato en el que el interesado es parte o para la aplicaci\u00f3n a petici\u00f3n de este de medidas precontractuales; El tratamiento es necesario para el cumplimiento de una obligaci\u00f3n legal aplicable al responsable del tratamiento. Asimismo le notificamos la posibilidad de ejercer sus derechos de acceso, rectificaci\u00f3n, supresi\u00f3n, oposici\u00f3n, limitaci\u00f3n del tratamiento, portabilidad de datos y a no ser objeto de decisiones individualizadas automatizadas, incluyendo la elaboraci\u00f3n de perfiles de esos datos, dirigi\u00e9ndose a: Ibiza Feeling S. L., C\/ Ram\u00f3n y Cajal 2, 07820-Sant Antoni de Portmany (Baleares) o por correo electr\u00f3nico a la direcci\u00f3n\u00a0<a class=\"c-link\" href=\"mailto:info@ibizafeeling.com\" target=\"_blank\" rel=\"noopener noreferrer\" data-stringify-link=\"mailto:info@ibizafeeling.com\" data-sk=\"tooltip_parent\" aria-haspopup=\"menu\">info@ibizafeeling.com<\/a>, indicando en el asunto la leyenda \u00abPROTECCION DE DATOS\u00bb y acompa\u00f1ando su solicitud con una copia de un documento oficial vigente que acredite su identidad. Este mensaje va dirigido, de manera exclusiva, a su destinatario y contiene informaci\u00f3n confidencial y sujeta al secreto profesional, cuya divulgaci\u00f3n no est\u00e1 permitida por la ley. En caso de haber recibido este mensaje por error, le rogamos que, de forma inmediata, nos lo comunique mediante correo electr\u00f3nico remitido a nuestra atenci\u00f3n y proceda a su eliminaci\u00f3n, as\u00ed como a la de cualquier documento adjunto al mismo. Asimismo, le comunicamos que la distribuci\u00f3n, copia o utilizaci\u00f3n de este mensaje, o de cualquier documento adjunto al mismo, cualquiera que fuera su finalidad, est\u00e1n prohibidas por la ley.<\/div>\n<\/div>\n<\/div>\n<\/div>\n<\/div>\n<\/div>\n<\/div>\n<\/div>\n<\/div>\n<\/div>\n<\/div>\n<\/div>\n<div id=\"message-list_1750834363.854739\" class=\"c-virtual_list__item\" tabindex=\"-1\" role=\"listitem\" aria-setsize=\"-1\" data-qa=\"virtual-list-item\" data-item-key=\"1750834363.854739\">\n<div class=\"c-message_kit__background p-message_pane_message__message c-message_kit__message\" role=\"presentation\" data-qa=\"message_container\" data-qa-unprocessed=\"false\" data-qa-placeholder=\"false\">\n<div class=\"c-message_kit__hover\" role=\"document\" aria-roledescription=\"mensaje\" data-qa-hover=\"true\">\n<div class=\"c-message_kit__actions c-message_kit__actions--above\">\n<div class=\"c-message_kit__gutter\">\n<div class=\"c-message_kit__gutter__left\" role=\"presentation\"><\/div>\n<\/div>\n<\/div>\n<\/div>\n<\/div>\n<\/div>\n[\/vc_column_text][\/vc_column][\/vc_row]\n","protected":false},"excerpt":{"rendered":"<p>[vc_row type=\u00bbin_container\u00bb full_screen_row_position=\u00bbmiddle\u00bb column_margin=\u00bbdefault\u00bb column_direction=\u00bbdefault\u00bb column_direction_tablet=\u00bbdefault\u00bb column_direction_phone=\u00bbdefault\u00bb scene_position=\u00bbcenter\u00bb bottom_margin=\u00bb12%\u00bb text_color=\u00bbdark\u00bb text_align=\u00bbleft\u00bb row_border_radius=\u00bbnone\u00bb row_border_radius_applies=\u00bbbg\u00bb overflow=\u00bbvisible\u00bb advanced_gradient_angle=\u00bb0&#8243; overlay_strength=\u00bb0.3&#8243; gradient_direction=\u00bbleft_to_right\u00bb shape_divider_position=\u00bbbottom\u00bb bg_image_animation=\u00bbnone\u00bb gradient_type=\u00bbdefault\u00bb shape_type=\u00bb\u00bb][vc_column column_padding=\u00bbno-extra-padding\u00bb column_padding_tablet=\u00bbinherit\u00bb column_padding_phone=\u00bbinherit\u00bb column_padding_position=\u00bball\u00bb column_element_spacing=\u00bbdefault\u00bb background_color_opacity=\u00bb1&#8243; background_hover_color_opacity=\u00bb1&#8243; column_shadow=\u00bbnone\u00bb column_border_radius=\u00bbnone\u00bb&#8230;<\/p>\n","protected":false},"author":1,"featured_media":0,"parent":0,"menu_order":0,"comment_status":"closed","ping_status":"closed","template":"","meta":{"om_disable_all_campaigns":false},"yoast_head":"<!-- This site is optimized with the Yoast SEO plugin v18.2 - https:\/\/yoast.com\/wordpress\/plugins\/seo\/ -->\n<title>Trabaja con nosotros - Ibiza Feeling<\/title>\n<meta name=\"robots\" content=\"index, follow, max-snippet:-1, max-image-preview:large, max-video-preview:-1\" \/>\n<link rel=\"canonical\" href=\"https:\/\/www.ibizafeeling.com\/es\/empleo\/\" \/>\n<meta property=\"og:locale\" content=\"es_ES\" \/>\n<meta property=\"og:type\" content=\"article\" \/>\n<meta property=\"og:title\" content=\"Trabaja con nosotros - Ibiza Feeling\" \/>\n<meta property=\"og:description\" content=\"[vc_row type=\u00bbin_container\u00bb full_screen_row_position=\u00bbmiddle\u00bb column_margin=\u00bbdefault\u00bb column_direction=\u00bbdefault\u00bb column_direction_tablet=\u00bbdefault\u00bb column_direction_phone=\u00bbdefault\u00bb scene_position=\u00bbcenter\u00bb bottom_margin=\u00bb12%\u00bb text_color=\u00bbdark\u00bb text_align=\u00bbleft\u00bb row_border_radius=\u00bbnone\u00bb row_border_radius_applies=\u00bbbg\u00bb overflow=\u00bbvisible\u00bb advanced_gradient_angle=\u00bb0&#8243; overlay_strength=\u00bb0.3&#8243; gradient_direction=\u00bbleft_to_right\u00bb shape_divider_position=\u00bbbottom\u00bb bg_image_animation=\u00bbnone\u00bb gradient_type=\u00bbdefault\u00bb shape_type=\u00bb\u00bb][vc_column column_padding=\u00bbno-extra-padding\u00bb column_padding_tablet=\u00bbinherit\u00bb column_padding_phone=\u00bbinherit\u00bb column_padding_position=\u00bball\u00bb column_element_spacing=\u00bbdefault\u00bb background_color_opacity=\u00bb1&#8243; background_hover_color_opacity=\u00bb1&#8243; column_shadow=\u00bbnone\u00bb column_border_radius=\u00bbnone\u00bb...\" \/>\n<meta property=\"og:url\" content=\"https:\/\/www.ibizafeeling.com\/es\/empleo\/\" \/>\n<meta property=\"og:site_name\" content=\"Ibiza Feeling\" \/>\n<meta property=\"article:publisher\" content=\"https:\/\/www.facebook.com\/ibizafeeling\" \/>\n<meta property=\"article:modified_time\" content=\"2025-06-25T12:42:34+00:00\" \/>\n<meta name=\"twitter:card\" content=\"summary_large_image\" \/>\n<meta name=\"twitter:site\" content=\"@ibizafeeling\" \/>\n<meta name=\"twitter:label1\" content=\"Tiempo de lectura\" \/>\n\t<meta name=\"twitter:data1\" content=\"6 minutos\" \/>\n<script type=\"application\/ld+json\" class=\"yoast-schema-graph\">{\"@context\":\"https:\/\/schema.org\",\"@graph\":[{\"@type\":\"Organization\",\"@id\":\"https:\/\/www.ibizafeeling.com\/#organization\",\"name\":\"Ibiza Feeling Hotels\",\"url\":\"https:\/\/www.ibizafeeling.com\/\",\"sameAs\":[\"https:\/\/www.facebook.com\/ibizafeeling\",\"https:\/\/www.instagram.com\/ibizafeelingroup\/\",\"https:\/\/twitter.com\/ibizafeeling\"],\"logo\":{\"@type\":\"ImageObject\",\"@id\":\"https:\/\/www.ibizafeeling.com\/#logo\",\"inLanguage\":\"es\",\"url\":\"https:\/\/www.ibizafeeling.com\/wp-content\/uploads\/2017\/11\/logo.png\",\"contentUrl\":\"https:\/\/www.ibizafeeling.com\/wp-content\/uploads\/2017\/11\/logo.png\",\"width\":250,\"height\":100,\"caption\":\"Ibiza Feeling Hotels\"},\"image\":{\"@id\":\"https:\/\/www.ibizafeeling.com\/#logo\"}},{\"@type\":\"WebSite\",\"@id\":\"https:\/\/www.ibizafeeling.com\/#website\",\"url\":\"https:\/\/www.ibizafeeling.com\/\",\"name\":\"Ibiza Feeling\",\"description\":\"Hotels and apartments in Sant Antonio, Ibiza\",\"publisher\":{\"@id\":\"https:\/\/www.ibizafeeling.com\/#organization\"},\"potentialAction\":[{\"@type\":\"SearchAction\",\"target\":{\"@type\":\"EntryPoint\",\"urlTemplate\":\"https:\/\/www.ibizafeeling.com\/?s={search_term_string}\"},\"query-input\":\"required name=search_term_string\"}],\"inLanguage\":\"es\"},{\"@type\":\"WebPage\",\"@id\":\"https:\/\/www.ibizafeeling.com\/es\/empleo\/#webpage\",\"url\":\"https:\/\/www.ibizafeeling.com\/es\/empleo\/\",\"name\":\"Trabaja con nosotros - Ibiza Feeling\",\"isPartOf\":{\"@id\":\"https:\/\/www.ibizafeeling.com\/#website\"},\"datePublished\":\"2025-06-25T06:49:28+00:00\",\"dateModified\":\"2025-06-25T12:42:34+00:00\",\"breadcrumb\":{\"@id\":\"https:\/\/www.ibizafeeling.com\/es\/empleo\/#breadcrumb\"},\"inLanguage\":\"es\",\"potentialAction\":[{\"@type\":\"ReadAction\",\"target\":[\"https:\/\/www.ibizafeeling.com\/es\/empleo\/\"]}]},{\"@type\":\"BreadcrumbList\",\"@id\":\"https:\/\/www.ibizafeeling.com\/es\/empleo\/#breadcrumb\",\"itemListElement\":[{\"@type\":\"ListItem\",\"position\":1,\"name\":\"Portada\",\"item\":\"https:\/\/www.ibizafeeling.com\/es\/\"},{\"@type\":\"ListItem\",\"position\":2,\"name\":\"Trabaja con nosotros\"}]}]}<\/script>\n<!-- \/ Yoast SEO plugin. -->","yoast_head_json":{"title":"Trabaja con nosotros - Ibiza Feeling","robots":{"index":"index","follow":"follow","max-snippet":"max-snippet:-1","max-image-preview":"max-image-preview:large","max-video-preview":"max-video-preview:-1"},"canonical":"https:\/\/www.ibizafeeling.com\/es\/empleo\/","og_locale":"es_ES","og_type":"article","og_title":"Trabaja con nosotros - Ibiza Feeling","og_description":"[vc_row type=\u00bbin_container\u00bb full_screen_row_position=\u00bbmiddle\u00bb column_margin=\u00bbdefault\u00bb column_direction=\u00bbdefault\u00bb column_direction_tablet=\u00bbdefault\u00bb column_direction_phone=\u00bbdefault\u00bb scene_position=\u00bbcenter\u00bb bottom_margin=\u00bb12%\u00bb text_color=\u00bbdark\u00bb text_align=\u00bbleft\u00bb row_border_radius=\u00bbnone\u00bb row_border_radius_applies=\u00bbbg\u00bb overflow=\u00bbvisible\u00bb advanced_gradient_angle=\u00bb0&#8243; overlay_strength=\u00bb0.3&#8243; gradient_direction=\u00bbleft_to_right\u00bb shape_divider_position=\u00bbbottom\u00bb bg_image_animation=\u00bbnone\u00bb gradient_type=\u00bbdefault\u00bb shape_type=\u00bb\u00bb][vc_column column_padding=\u00bbno-extra-padding\u00bb column_padding_tablet=\u00bbinherit\u00bb column_padding_phone=\u00bbinherit\u00bb column_padding_position=\u00bball\u00bb column_element_spacing=\u00bbdefault\u00bb background_color_opacity=\u00bb1&#8243; background_hover_color_opacity=\u00bb1&#8243; column_shadow=\u00bbnone\u00bb column_border_radius=\u00bbnone\u00bb...","og_url":"https:\/\/www.ibizafeeling.com\/es\/empleo\/","og_site_name":"Ibiza Feeling","article_publisher":"https:\/\/www.facebook.com\/ibizafeeling","article_modified_time":"2025-06-25T12:42:34+00:00","twitter_card":"summary_large_image","twitter_site":"@ibizafeeling","twitter_misc":{"Tiempo de lectura":"6 minutos"},"schema":{"@context":"https:\/\/schema.org","@graph":[{"@type":"Organization","@id":"https:\/\/www.ibizafeeling.com\/#organization","name":"Ibiza Feeling Hotels","url":"https:\/\/www.ibizafeeling.com\/","sameAs":["https:\/\/www.facebook.com\/ibizafeeling","https:\/\/www.instagram.com\/ibizafeelingroup\/","https:\/\/twitter.com\/ibizafeeling"],"logo":{"@type":"ImageObject","@id":"https:\/\/www.ibizafeeling.com\/#logo","inLanguage":"es","url":"https:\/\/www.ibizafeeling.com\/wp-content\/uploads\/2017\/11\/logo.png","contentUrl":"https:\/\/www.ibizafeeling.com\/wp-content\/uploads\/2017\/11\/logo.png","width":250,"height":100,"caption":"Ibiza Feeling Hotels"},"image":{"@id":"https:\/\/www.ibizafeeling.com\/#logo"}},{"@type":"WebSite","@id":"https:\/\/www.ibizafeeling.com\/#website","url":"https:\/\/www.ibizafeeling.com\/","name":"Ibiza Feeling","description":"Hotels and apartments in Sant Antonio, Ibiza","publisher":{"@id":"https:\/\/www.ibizafeeling.com\/#organization"},"potentialAction":[{"@type":"SearchAction","target":{"@type":"EntryPoint","urlTemplate":"https:\/\/www.ibizafeeling.com\/?s={search_term_string}"},"query-input":"required name=search_term_string"}],"inLanguage":"es"},{"@type":"WebPage","@id":"https:\/\/www.ibizafeeling.com\/es\/empleo\/#webpage","url":"https:\/\/www.ibizafeeling.com\/es\/empleo\/","name":"Trabaja con nosotros - Ibiza Feeling","isPartOf":{"@id":"https:\/\/www.ibizafeeling.com\/#website"},"datePublished":"2025-06-25T06:49:28+00:00","dateModified":"2025-06-25T12:42:34+00:00","breadcrumb":{"@id":"https:\/\/www.ibizafeeling.com\/es\/empleo\/#breadcrumb"},"inLanguage":"es","potentialAction":[{"@type":"ReadAction","target":["https:\/\/www.ibizafeeling.com\/es\/empleo\/"]}]},{"@type":"BreadcrumbList","@id":"https:\/\/www.ibizafeeling.com\/es\/empleo\/#breadcrumb","itemListElement":[{"@type":"ListItem","position":1,"name":"Portada","item":"https:\/\/www.ibizafeeling.com\/es\/"},{"@type":"ListItem","position":2,"name":"Trabaja con nosotros"}]}]}},"_links":{"self":[{"href":"https:\/\/www.ibizafeeling.com\/es\/wp-json\/wp\/v2\/pages\/7993"}],"collection":[{"href":"https:\/\/www.ibizafeeling.com\/es\/wp-json\/wp\/v2\/pages"}],"about":[{"href":"https:\/\/www.ibizafeeling.com\/es\/wp-json\/wp\/v2\/types\/page"}],"author":[{"embeddable":true,"href":"https:\/\/www.ibizafeeling.com\/es\/wp-json\/wp\/v2\/users\/1"}],"replies":[{"embeddable":true,"href":"https:\/\/www.ibizafeeling.com\/es\/wp-json\/wp\/v2\/comments?post=7993"}],"version-history":[{"count":5,"href":"https:\/\/www.ibizafeeling.com\/es\/wp-json\/wp\/v2\/pages\/7993\/revisions"}],"predecessor-version":[{"id":8022,"href":"https:\/\/www.ibizafeeling.com\/es\/wp-json\/wp\/v2\/pages\/7993\/revisions\/8022"}],"wp:attachment":[{"href":"https:\/\/www.ibizafeeling.com\/es\/wp-json\/wp\/v2\/media?parent=7993"}],"curies":[{"name":"wp","href":"https:\/\/api.w.org\/{rel}","templated":true}]}}