{"id":7946,"date":"2025-06-24T08:52:52","date_gmt":"2025-06-24T06:52:52","guid":{"rendered":"https:\/\/www.ibizafeeling.com\/nextgenerationeu\/"},"modified":"2026-03-18T12:52:08","modified_gmt":"2026-03-18T10:52:08","slug":"nextgenerationeu","status":"publish","type":"page","link":"https:\/\/www.ibizafeeling.com\/es\/nextgenerationeu\/","title":{"rendered":"NextGenerationEU"},"content":{"rendered":"[vc_row type=\u00bbin_container\u00bb full_screen_row_position=\u00bbmiddle\u00bb column_margin=\u00bbdefault\u00bb column_direction=\u00bbdefault\u00bb column_direction_tablet=\u00bbdefault\u00bb column_direction_phone=\u00bbdefault\u00bb scene_position=\u00bbcenter\u00bb text_color=\u00bbdark\u00bb text_align=\u00bbleft\u00bb row_border_radius=\u00bbnone\u00bb row_border_radius_applies=\u00bbbg\u00bb overflow=\u00bbvisible\u00bb overlay_strength=\u00bb0.3&#8243; gradient_direction=\u00bbleft_to_right\u00bb shape_divider_position=\u00bbbottom\u00bb bg_image_animation=\u00bbnone\u00bb][vc_column column_padding=\u00bbno-extra-padding\u00bb column_padding_tablet=\u00bbinherit\u00bb column_padding_phone=\u00bbinherit\u00bb column_padding_position=\u00bball\u00bb column_element_spacing=\u00bbdefault\u00bb background_color_opacity=\u00bb1&#8243; background_hover_color_opacity=\u00bb1&#8243; column_shadow=\u00bbnone\u00bb column_border_radius=\u00bbnone\u00bb column_link_target=\u00bb_self\u00bb column_position=\u00bbdefault\u00bb gradient_direction=\u00bbleft_to_right\u00bb overlay_strength=\u00bb0.3&#8243; width=\u00bb1\/1&#8243; tablet_width_inherit=\u00bbdefault\u00bb tablet_text_alignment=\u00bbdefault\u00bb phone_text_alignment=\u00bbdefault\u00bb animation_type=\u00bbdefault\u00bb bg_image_animation=\u00bbnone\u00bb border_type=\u00bbsimple\u00bb column_border_width=\u00bbnone\u00bb column_border_style=\u00bbsolid\u00bb][vc_column_text]\n<h1><i>Next Generation EU<\/i><\/h1>\n[\/vc_column_text][\/vc_column][\/vc_row][vc_row type=\u00bbin_container\u00bb full_screen_row_position=\u00bbmiddle\u00bb column_margin=\u00bbdefault\u00bb column_direction=\u00bbdefault\u00bb column_direction_tablet=\u00bbdefault\u00bb column_direction_phone=\u00bbdefault\u00bb scene_position=\u00bbcenter\u00bb text_color=\u00bbdark\u00bb text_align=\u00bbleft\u00bb row_border_radius=\u00bbnone\u00bb row_border_radius_applies=\u00bbbg\u00bb overflow=\u00bbvisible\u00bb overlay_strength=\u00bb0.3&#8243; gradient_direction=\u00bbleft_to_right\u00bb shape_divider_position=\u00bbbottom\u00bb bg_image_animation=\u00bbnone\u00bb][vc_column column_padding=\u00bbno-extra-padding\u00bb column_padding_tablet=\u00bbinherit\u00bb column_padding_phone=\u00bbinherit\u00bb column_padding_position=\u00bball\u00bb column_element_spacing=\u00bbdefault\u00bb background_color_opacity=\u00bb1&#8243; background_hover_color_opacity=\u00bb1&#8243; column_shadow=\u00bbnone\u00bb column_border_radius=\u00bbnone\u00bb column_link_target=\u00bb_self\u00bb column_position=\u00bbdefault\u00bb gradient_direction=\u00bbleft_to_right\u00bb overlay_strength=\u00bb0.3&#8243; width=\u00bb1\/1&#8243; tablet_width_inherit=\u00bbdefault\u00bb tablet_text_alignment=\u00bbdefault\u00bb phone_text_alignment=\u00bbdefault\u00bb animation_type=\u00bbdefault\u00bb bg_image_animation=\u00bbnone\u00bb border_type=\u00bbsimple\u00bb column_border_width=\u00bbnone\u00bb column_border_style=\u00bbsolid\u00bb][vc_column_text]\n<p data-start=\"120\" data-end=\"550\"><strong data-start=\"120\" data-end=\"146\">El grupo Ibiza Feeling<\/strong>, en su compromiso con la sostenibilidad y la eficiencia energ\u00e9tica, ha desarrollado un conjunto de actuaciones destinadas a reducir su impacto ambiental y fomentar el uso de energ\u00edas renovables en sus establecimientos. En esta l\u00ednea, se han ejecutado instalaciones fotovoltaicas en <strong data-start=\"429\" data-end=\"453\">los hoteles A, B y C<\/strong>, permitiendo una mayor autonom\u00eda energ\u00e9tica y una disminuci\u00f3n significativa de emisiones de CO2.<\/p>\n<p data-start=\"552\" data-end=\"999\">En <strong data-start=\"555\" data-end=\"578\">The Blue Apartments<\/strong>, se ha instalado un sistema fotovoltaico sobre la cubierta del edificio con una potencia de <strong data-start=\"671\" data-end=\"684\">38,72 kWp<\/strong>, capaz de generar <strong data-start=\"703\" data-end=\"716\">51,68 MWh<\/strong> de energ\u00eda limpia al a\u00f1o. Gracias a esta medida, se prev\u00e9 una reducci\u00f3n de <strong data-start=\"792\" data-end=\"818\">23,62 toneladas de CO2<\/strong> anuales, contribuyendo a la descarbonizaci\u00f3n del sector hotelero. La inversi\u00f3n total en esta actuaci\u00f3n ha sido de <strong data-start=\"933\" data-end=\"947\">41.110 EUR<\/strong>, con una subvenci\u00f3n concedida de <strong data-start=\"981\" data-end=\"998\">21.141,12 EUR<\/strong>.<\/p>\n<p data-start=\"1001\" data-end=\"1402\"><strong data-start=\"1001\" data-end=\"1020\">El Purple Hotel<\/strong> ha implementado una instalaci\u00f3n similar, con una potencia de <strong data-start=\"1082\" data-end=\"1095\">35,09 kWp<\/strong> y una producci\u00f3n estimada de <strong data-start=\"1125\" data-end=\"1138\">52,15 MWh<\/strong> anuales. Este sistema permitir\u00e1 disminuir las emisiones en <strong data-start=\"1198\" data-end=\"1224\">23,83 toneladas de CO2<\/strong>\u00a0cada a\u00f1o, reforzando el compromiso del grupo con la transici\u00f3n energ\u00e9tica. La inversi\u00f3n realizada ha sido de <strong data-start=\"1334\" data-end=\"1351\">22.578,47 EUR<\/strong>, con una subvenci\u00f3n concedida de <strong data-start=\"1385\" data-end=\"1401\">13.546,8 EUR<\/strong>.<\/p>\n<p data-start=\"1404\" data-end=\"1783\">En <strong>The White Apartments<\/strong>, se ha llevado a cabo la instalaci\u00f3n de un sistema fotovoltaico con una potencia de <strong>47,40 kWp<\/strong>, con una producci\u00f3n estimada de <strong>65,49 MWh<\/strong> al a\u00f1o. Gracias a esta iniciativa, se lograr\u00e1 una reducci\u00f3n de <strong>29,93 toneladas de CO2 anuales<\/strong>. La inversi\u00f3n total en esta instalaci\u00f3n ha ascendido a <strong>29.010,41 EUR<\/strong>, con una subvenci\u00f3n concedida de <strong>17.406 EUR<\/strong>.<\/p>\n<p data-start=\"1785\" data-end=\"2137\">Estas actuaciones han sido financiadas en el marco del <strong data-start=\"1840\" data-end=\"1924\">Plan de Inversiones para la Transici\u00f3n Energ\u00e9tica de las Islas Baleares (PITEIB)<\/strong>, promovido por el <strong data-start=\"1943\" data-end=\"2008\">Ministerio para la Transici\u00f3n Ecol\u00f3gica y el Reto Demogr\u00e1fico<\/strong> dentro del <strong data-start=\"2020\" data-end=\"2074\">Plan de Recuperaci\u00f3n, Transformaci\u00f3n y Resiliencia<\/strong>, con el respaldo de la <strong data-start=\"2098\" data-end=\"2136\">Uni\u00f3n Europea \u2013 Next Generation EU<\/strong>.<\/p>\n[\/vc_column_text][\/vc_column][\/vc_row][vc_row type=\u00bbin_container\u00bb full_screen_row_position=\u00bbmiddle\u00bb column_margin=\u00bbdefault\u00bb column_direction=\u00bbdefault\u00bb column_direction_tablet=\u00bbdefault\u00bb column_direction_phone=\u00bbdefault\u00bb scene_position=\u00bbcenter\u00bb text_color=\u00bbdark\u00bb text_align=\u00bbleft\u00bb row_border_radius=\u00bbnone\u00bb row_border_radius_applies=\u00bbbg\u00bb overflow=\u00bbvisible\u00bb class=\u00bblogos\u00bb advanced_gradient_angle=\u00bb0&#8243; overlay_strength=\u00bb0.3&#8243; gradient_direction=\u00bbleft_to_right\u00bb shape_divider_position=\u00bbbottom\u00bb bg_image_animation=\u00bbnone\u00bb gradient_type=\u00bbdefault\u00bb shape_type=\u00bb\u00bb][vc_column column_padding=\u00bbno-extra-padding\u00bb column_padding_tablet=\u00bbinherit\u00bb column_padding_phone=\u00bbinherit\u00bb column_padding_position=\u00bball\u00bb column_element_spacing=\u00bbdefault\u00bb background_color_opacity=\u00bb1&#8243; background_hover_color_opacity=\u00bb1&#8243; column_shadow=\u00bbnone\u00bb column_border_radius=\u00bbnone\u00bb column_link_target=\u00bb_self\u00bb column_position=\u00bbdefault\u00bb gradient_direction=\u00bbleft_to_right\u00bb overlay_strength=\u00bb0.3&#8243; width=\u00bb2\/6&#8243; tablet_width_inherit=\u00bbdefault\u00bb tablet_text_alignment=\u00bbdefault\u00bb phone_text_alignment=\u00bbdefault\u00bb animation_type=\u00bbdefault\u00bb bg_image_animation=\u00bbnone\u00bb border_type=\u00bbsimple\u00bb column_border_width=\u00bbnone\u00bb column_border_style=\u00bbsolid\u00bb][image_with_animation image_url=\u00bb7937&#8243; image_size=\u00bbfull\u00bb animation_type=\u00bbentrance\u00bb animation=\u00bbFade In\u00bb hover_animation=\u00bbnone\u00bb alignment=\u00bb\u00bb border_radius=\u00bbnone\u00bb box_shadow=\u00bbnone\u00bb image_loading=\u00bbdefault\u00bb max_width=\u00bb100%\u00bb max_width_mobile=\u00bbdefault\u00bb][\/vc_column][vc_column column_padding=\u00bbno-extra-padding\u00bb column_padding_tablet=\u00bbinherit\u00bb column_padding_phone=\u00bbinherit\u00bb column_padding_position=\u00bball\u00bb column_element_spacing=\u00bbdefault\u00bb background_color_opacity=\u00bb1&#8243; background_hover_color_opacity=\u00bb1&#8243; column_shadow=\u00bbnone\u00bb column_border_radius=\u00bbnone\u00bb column_link_target=\u00bb_self\u00bb column_position=\u00bbdefault\u00bb gradient_direction=\u00bbleft_to_right\u00bb overlay_strength=\u00bb0.3&#8243; width=\u00bb1\/6&#8243; tablet_width_inherit=\u00bbdefault\u00bb tablet_text_alignment=\u00bbdefault\u00bb phone_text_alignment=\u00bbdefault\u00bb animation_type=\u00bbdefault\u00bb bg_image_animation=\u00bbnone\u00bb border_type=\u00bbsimple\u00bb column_border_width=\u00bbnone\u00bb column_border_style=\u00bbsolid\u00bb][image_with_animation image_url=\u00bb7931&#8243; image_size=\u00bbfull\u00bb animation_type=\u00bbentrance\u00bb animation=\u00bbFade In\u00bb hover_animation=\u00bbnone\u00bb alignment=\u00bb\u00bb border_radius=\u00bbnone\u00bb box_shadow=\u00bbnone\u00bb image_loading=\u00bbdefault\u00bb max_width=\u00bb100%\u00bb max_width_mobile=\u00bbdefault\u00bb][\/vc_column][vc_column column_padding=\u00bbno-extra-padding\u00bb column_padding_tablet=\u00bbinherit\u00bb column_padding_phone=\u00bbinherit\u00bb column_padding_position=\u00bball\u00bb column_element_spacing=\u00bbdefault\u00bb background_color_opacity=\u00bb1&#8243; background_hover_color_opacity=\u00bb1&#8243; column_shadow=\u00bbnone\u00bb column_border_radius=\u00bbnone\u00bb column_link_target=\u00bb_self\u00bb column_position=\u00bbdefault\u00bb gradient_direction=\u00bbleft_to_right\u00bb overlay_strength=\u00bb0.3&#8243; width=\u00bb1\/6&#8243; tablet_width_inherit=\u00bbdefault\u00bb tablet_text_alignment=\u00bbdefault\u00bb phone_text_alignment=\u00bbdefault\u00bb animation_type=\u00bbdefault\u00bb bg_image_animation=\u00bbnone\u00bb border_type=\u00bbsimple\u00bb column_border_width=\u00bbnone\u00bb column_border_style=\u00bbsolid\u00bb][image_with_animation image_url=\u00bb7928&#8243; image_size=\u00bbfull\u00bb animation_type=\u00bbentrance\u00bb animation=\u00bbFade In\u00bb hover_animation=\u00bbnone\u00bb alignment=\u00bb\u00bb border_radius=\u00bbnone\u00bb box_shadow=\u00bbnone\u00bb image_loading=\u00bbdefault\u00bb max_width=\u00bb100%\u00bb max_width_mobile=\u00bbdefault\u00bb][\/vc_column][vc_column column_padding=\u00bbno-extra-padding\u00bb column_padding_tablet=\u00bbinherit\u00bb column_padding_phone=\u00bbinherit\u00bb column_padding_position=\u00bball\u00bb column_element_spacing=\u00bbdefault\u00bb background_color_opacity=\u00bb1&#8243; background_hover_color_opacity=\u00bb1&#8243; column_shadow=\u00bbnone\u00bb column_border_radius=\u00bbnone\u00bb column_link_target=\u00bb_self\u00bb column_position=\u00bbdefault\u00bb gradient_direction=\u00bbleft_to_right\u00bb overlay_strength=\u00bb0.3&#8243; width=\u00bb1\/6&#8243; tablet_width_inherit=\u00bbdefault\u00bb tablet_text_alignment=\u00bbdefault\u00bb phone_text_alignment=\u00bbdefault\u00bb animation_type=\u00bbdefault\u00bb bg_image_animation=\u00bbnone\u00bb border_type=\u00bbsimple\u00bb column_border_width=\u00bbnone\u00bb column_border_style=\u00bbsolid\u00bb][image_with_animation image_url=\u00bb7934&#8243; image_size=\u00bbfull\u00bb animation_type=\u00bbentrance\u00bb animation=\u00bbFade In\u00bb hover_animation=\u00bbnone\u00bb alignment=\u00bb\u00bb border_radius=\u00bbnone\u00bb box_shadow=\u00bbnone\u00bb image_loading=\u00bbdefault\u00bb max_width=\u00bb100%\u00bb max_width_mobile=\u00bbdefault\u00bb][\/vc_column][vc_column column_padding=\u00bbno-extra-padding\u00bb column_padding_tablet=\u00bbinherit\u00bb column_padding_phone=\u00bbinherit\u00bb column_padding_position=\u00bball\u00bb column_element_spacing=\u00bbdefault\u00bb background_color_opacity=\u00bb1&#8243; background_hover_color_opacity=\u00bb1&#8243; column_shadow=\u00bbnone\u00bb column_border_radius=\u00bbnone\u00bb column_link_target=\u00bb_self\u00bb column_position=\u00bbdefault\u00bb gradient_direction=\u00bbleft_to_right\u00bb overlay_strength=\u00bb0.3&#8243; width=\u00bb1\/6&#8243; tablet_width_inherit=\u00bbdefault\u00bb tablet_text_alignment=\u00bbdefault\u00bb phone_text_alignment=\u00bbdefault\u00bb animation_type=\u00bbdefault\u00bb bg_image_animation=\u00bbnone\u00bb border_type=\u00bbsimple\u00bb column_border_width=\u00bbnone\u00bb column_border_style=\u00bbsolid\u00bb][image_with_animation image_url=\u00bb7940&#8243; image_size=\u00bbfull\u00bb animation_type=\u00bbentrance\u00bb animation=\u00bbFade In\u00bb hover_animation=\u00bbnone\u00bb alignment=\u00bb\u00bb border_radius=\u00bbnone\u00bb box_shadow=\u00bbnone\u00bb image_loading=\u00bbdefault\u00bb max_width=\u00bb100%\u00bb max_width_mobile=\u00bbdefault\u00bb][\/vc_column][\/vc_row]\n","protected":false},"excerpt":{"rendered":"<p>[vc_row type=\u00bbin_container\u00bb full_screen_row_position=\u00bbmiddle\u00bb column_margin=\u00bbdefault\u00bb column_direction=\u00bbdefault\u00bb column_direction_tablet=\u00bbdefault\u00bb column_direction_phone=\u00bbdefault\u00bb scene_position=\u00bbcenter\u00bb text_color=\u00bbdark\u00bb text_align=\u00bbleft\u00bb row_border_radius=\u00bbnone\u00bb row_border_radius_applies=\u00bbbg\u00bb overflow=\u00bbvisible\u00bb overlay_strength=\u00bb0.3&#8243; gradient_direction=\u00bbleft_to_right\u00bb shape_divider_position=\u00bbbottom\u00bb bg_image_animation=\u00bbnone\u00bb][vc_column column_padding=\u00bbno-extra-padding\u00bb column_padding_tablet=\u00bbinherit\u00bb column_padding_phone=\u00bbinherit\u00bb column_padding_position=\u00bball\u00bb column_element_spacing=\u00bbdefault\u00bb background_color_opacity=\u00bb1&#8243; background_hover_color_opacity=\u00bb1&#8243; column_shadow=\u00bbnone\u00bb column_border_radius=\u00bbnone\u00bb column_link_target=\u00bb_self\u00bb column_position=\u00bbdefault\u00bb gradient_direction=\u00bbleft_to_right\u00bb overlay_strength=\u00bb0.3&#8243;&#8230;<\/p>\n","protected":false},"author":1,"featured_media":0,"parent":0,"menu_order":0,"comment_status":"closed","ping_status":"closed","template":"","meta":{"om_disable_all_campaigns":false},"yoast_head":"<!-- This site is optimized with the Yoast SEO plugin v18.2 - https:\/\/yoast.com\/wordpress\/plugins\/seo\/ -->\n<title>NextGenerationEU - Ibiza Feeling<\/title>\n<meta name=\"robots\" content=\"index, follow, max-snippet:-1, max-image-preview:large, max-video-preview:-1\" \/>\n<link rel=\"canonical\" href=\"https:\/\/www.ibizafeeling.com\/es\/nextgenerationeu\/\" \/>\n<meta property=\"og:locale\" content=\"es_ES\" \/>\n<meta property=\"og:type\" content=\"article\" \/>\n<meta property=\"og:title\" content=\"NextGenerationEU - Ibiza Feeling\" \/>\n<meta property=\"og:description\" content=\"[vc_row type=\u00bbin_container\u00bb full_screen_row_position=\u00bbmiddle\u00bb column_margin=\u00bbdefault\u00bb column_direction=\u00bbdefault\u00bb column_direction_tablet=\u00bbdefault\u00bb column_direction_phone=\u00bbdefault\u00bb scene_position=\u00bbcenter\u00bb text_color=\u00bbdark\u00bb text_align=\u00bbleft\u00bb row_border_radius=\u00bbnone\u00bb row_border_radius_applies=\u00bbbg\u00bb overflow=\u00bbvisible\u00bb overlay_strength=\u00bb0.3&#8243; gradient_direction=\u00bbleft_to_right\u00bb shape_divider_position=\u00bbbottom\u00bb bg_image_animation=\u00bbnone\u00bb][vc_column column_padding=\u00bbno-extra-padding\u00bb column_padding_tablet=\u00bbinherit\u00bb column_padding_phone=\u00bbinherit\u00bb column_padding_position=\u00bball\u00bb column_element_spacing=\u00bbdefault\u00bb background_color_opacity=\u00bb1&#8243; background_hover_color_opacity=\u00bb1&#8243; column_shadow=\u00bbnone\u00bb column_border_radius=\u00bbnone\u00bb column_link_target=\u00bb_self\u00bb column_position=\u00bbdefault\u00bb gradient_direction=\u00bbleft_to_right\u00bb overlay_strength=\u00bb0.3&#8243;...\" \/>\n<meta property=\"og:url\" content=\"https:\/\/www.ibizafeeling.com\/es\/nextgenerationeu\/\" \/>\n<meta property=\"og:site_name\" content=\"Ibiza Feeling\" \/>\n<meta property=\"article:publisher\" content=\"https:\/\/www.facebook.com\/ibizafeeling\" \/>\n<meta property=\"article:modified_time\" content=\"2026-03-18T10:52:08+00:00\" \/>\n<meta name=\"twitter:card\" content=\"summary_large_image\" \/>\n<meta name=\"twitter:site\" content=\"@ibizafeeling\" \/>\n<meta name=\"twitter:label1\" content=\"Tiempo de lectura\" \/>\n\t<meta name=\"twitter:data1\" content=\"2 minutos\" \/>\n<script type=\"application\/ld+json\" class=\"yoast-schema-graph\">{\"@context\":\"https:\/\/schema.org\",\"@graph\":[{\"@type\":\"Organization\",\"@id\":\"https:\/\/www.ibizafeeling.com\/#organization\",\"name\":\"Ibiza Feeling Hotels\",\"url\":\"https:\/\/www.ibizafeeling.com\/\",\"sameAs\":[\"https:\/\/www.facebook.com\/ibizafeeling\",\"https:\/\/www.instagram.com\/ibizafeelingroup\/\",\"https:\/\/twitter.com\/ibizafeeling\"],\"logo\":{\"@type\":\"ImageObject\",\"@id\":\"https:\/\/www.ibizafeeling.com\/#logo\",\"inLanguage\":\"es\",\"url\":\"https:\/\/www.ibizafeeling.com\/wp-content\/uploads\/2017\/11\/logo.png\",\"contentUrl\":\"https:\/\/www.ibizafeeling.com\/wp-content\/uploads\/2017\/11\/logo.png\",\"width\":250,\"height\":100,\"caption\":\"Ibiza Feeling Hotels\"},\"image\":{\"@id\":\"https:\/\/www.ibizafeeling.com\/#logo\"}},{\"@type\":\"WebSite\",\"@id\":\"https:\/\/www.ibizafeeling.com\/#website\",\"url\":\"https:\/\/www.ibizafeeling.com\/\",\"name\":\"Ibiza Feeling\",\"description\":\"Hotels and apartments in Sant Antonio, Ibiza\",\"publisher\":{\"@id\":\"https:\/\/www.ibizafeeling.com\/#organization\"},\"potentialAction\":[{\"@type\":\"SearchAction\",\"target\":{\"@type\":\"EntryPoint\",\"urlTemplate\":\"https:\/\/www.ibizafeeling.com\/?s={search_term_string}\"},\"query-input\":\"required name=search_term_string\"}],\"inLanguage\":\"es\"},{\"@type\":\"WebPage\",\"@id\":\"https:\/\/www.ibizafeeling.com\/es\/nextgenerationeu\/#webpage\",\"url\":\"https:\/\/www.ibizafeeling.com\/es\/nextgenerationeu\/\",\"name\":\"NextGenerationEU - Ibiza Feeling\",\"isPartOf\":{\"@id\":\"https:\/\/www.ibizafeeling.com\/#website\"},\"datePublished\":\"2025-06-24T06:52:52+00:00\",\"dateModified\":\"2026-03-18T10:52:08+00:00\",\"breadcrumb\":{\"@id\":\"https:\/\/www.ibizafeeling.com\/es\/nextgenerationeu\/#breadcrumb\"},\"inLanguage\":\"es\",\"potentialAction\":[{\"@type\":\"ReadAction\",\"target\":[\"https:\/\/www.ibizafeeling.com\/es\/nextgenerationeu\/\"]}]},{\"@type\":\"BreadcrumbList\",\"@id\":\"https:\/\/www.ibizafeeling.com\/es\/nextgenerationeu\/#breadcrumb\",\"itemListElement\":[{\"@type\":\"ListItem\",\"position\":1,\"name\":\"Portada\",\"item\":\"https:\/\/www.ibizafeeling.com\/es\/\"},{\"@type\":\"ListItem\",\"position\":2,\"name\":\"NextGenerationEU\"}]}]}<\/script>\n<!-- \/ Yoast SEO plugin. -->","yoast_head_json":{"title":"NextGenerationEU - Ibiza Feeling","robots":{"index":"index","follow":"follow","max-snippet":"max-snippet:-1","max-image-preview":"max-image-preview:large","max-video-preview":"max-video-preview:-1"},"canonical":"https:\/\/www.ibizafeeling.com\/es\/nextgenerationeu\/","og_locale":"es_ES","og_type":"article","og_title":"NextGenerationEU - Ibiza Feeling","og_description":"[vc_row type=\u00bbin_container\u00bb full_screen_row_position=\u00bbmiddle\u00bb column_margin=\u00bbdefault\u00bb column_direction=\u00bbdefault\u00bb column_direction_tablet=\u00bbdefault\u00bb column_direction_phone=\u00bbdefault\u00bb scene_position=\u00bbcenter\u00bb text_color=\u00bbdark\u00bb text_align=\u00bbleft\u00bb row_border_radius=\u00bbnone\u00bb row_border_radius_applies=\u00bbbg\u00bb overflow=\u00bbvisible\u00bb overlay_strength=\u00bb0.3&#8243; gradient_direction=\u00bbleft_to_right\u00bb shape_divider_position=\u00bbbottom\u00bb bg_image_animation=\u00bbnone\u00bb][vc_column column_padding=\u00bbno-extra-padding\u00bb column_padding_tablet=\u00bbinherit\u00bb column_padding_phone=\u00bbinherit\u00bb column_padding_position=\u00bball\u00bb column_element_spacing=\u00bbdefault\u00bb background_color_opacity=\u00bb1&#8243; background_hover_color_opacity=\u00bb1&#8243; column_shadow=\u00bbnone\u00bb column_border_radius=\u00bbnone\u00bb column_link_target=\u00bb_self\u00bb column_position=\u00bbdefault\u00bb gradient_direction=\u00bbleft_to_right\u00bb overlay_strength=\u00bb0.3&#8243;...","og_url":"https:\/\/www.ibizafeeling.com\/es\/nextgenerationeu\/","og_site_name":"Ibiza Feeling","article_publisher":"https:\/\/www.facebook.com\/ibizafeeling","article_modified_time":"2026-03-18T10:52:08+00:00","twitter_card":"summary_large_image","twitter_site":"@ibizafeeling","twitter_misc":{"Tiempo de lectura":"2 minutos"},"schema":{"@context":"https:\/\/schema.org","@graph":[{"@type":"Organization","@id":"https:\/\/www.ibizafeeling.com\/#organization","name":"Ibiza Feeling Hotels","url":"https:\/\/www.ibizafeeling.com\/","sameAs":["https:\/\/www.facebook.com\/ibizafeeling","https:\/\/www.instagram.com\/ibizafeelingroup\/","https:\/\/twitter.com\/ibizafeeling"],"logo":{"@type":"ImageObject","@id":"https:\/\/www.ibizafeeling.com\/#logo","inLanguage":"es","url":"https:\/\/www.ibizafeeling.com\/wp-content\/uploads\/2017\/11\/logo.png","contentUrl":"https:\/\/www.ibizafeeling.com\/wp-content\/uploads\/2017\/11\/logo.png","width":250,"height":100,"caption":"Ibiza Feeling Hotels"},"image":{"@id":"https:\/\/www.ibizafeeling.com\/#logo"}},{"@type":"WebSite","@id":"https:\/\/www.ibizafeeling.com\/#website","url":"https:\/\/www.ibizafeeling.com\/","name":"Ibiza Feeling","description":"Hotels and apartments in Sant Antonio, Ibiza","publisher":{"@id":"https:\/\/www.ibizafeeling.com\/#organization"},"potentialAction":[{"@type":"SearchAction","target":{"@type":"EntryPoint","urlTemplate":"https:\/\/www.ibizafeeling.com\/?s={search_term_string}"},"query-input":"required name=search_term_string"}],"inLanguage":"es"},{"@type":"WebPage","@id":"https:\/\/www.ibizafeeling.com\/es\/nextgenerationeu\/#webpage","url":"https:\/\/www.ibizafeeling.com\/es\/nextgenerationeu\/","name":"NextGenerationEU - Ibiza Feeling","isPartOf":{"@id":"https:\/\/www.ibizafeeling.com\/#website"},"datePublished":"2025-06-24T06:52:52+00:00","dateModified":"2026-03-18T10:52:08+00:00","breadcrumb":{"@id":"https:\/\/www.ibizafeeling.com\/es\/nextgenerationeu\/#breadcrumb"},"inLanguage":"es","potentialAction":[{"@type":"ReadAction","target":["https:\/\/www.ibizafeeling.com\/es\/nextgenerationeu\/"]}]},{"@type":"BreadcrumbList","@id":"https:\/\/www.ibizafeeling.com\/es\/nextgenerationeu\/#breadcrumb","itemListElement":[{"@type":"ListItem","position":1,"name":"Portada","item":"https:\/\/www.ibizafeeling.com\/es\/"},{"@type":"ListItem","position":2,"name":"NextGenerationEU"}]}]}},"_links":{"self":[{"href":"https:\/\/www.ibizafeeling.com\/es\/wp-json\/wp\/v2\/pages\/7946"}],"collection":[{"href":"https:\/\/www.ibizafeeling.com\/es\/wp-json\/wp\/v2\/pages"}],"about":[{"href":"https:\/\/www.ibizafeeling.com\/es\/wp-json\/wp\/v2\/types\/page"}],"author":[{"embeddable":true,"href":"https:\/\/www.ibizafeeling.com\/es\/wp-json\/wp\/v2\/users\/1"}],"replies":[{"embeddable":true,"href":"https:\/\/www.ibizafeeling.com\/es\/wp-json\/wp\/v2\/comments?post=7946"}],"version-history":[{"count":5,"href":"https:\/\/www.ibizafeeling.com\/es\/wp-json\/wp\/v2\/pages\/7946\/revisions"}],"predecessor-version":[{"id":8223,"href":"https:\/\/www.ibizafeeling.com\/es\/wp-json\/wp\/v2\/pages\/7946\/revisions\/8223"}],"wp:attachment":[{"href":"https:\/\/www.ibizafeeling.com\/es\/wp-json\/wp\/v2\/media?parent=7946"}],"curies":[{"name":"wp","href":"https:\/\/api.w.org\/{rel}","templated":true}]}}