{"id":2260,"date":"2018-08-27T11:48:27","date_gmt":"2018-08-27T09:48:27","guid":{"rendered":"https:\/\/www.ibizafeeling.com\/?page_id=2260"},"modified":"2021-02-23T13:05:14","modified_gmt":"2021-02-23T11:05:14","slug":"politica-de-cookies","status":"publish","type":"page","link":"https:\/\/www.ibizafeeling.com\/es\/politica-de-cookies\/","title":{"rendered":"Pol\u00edtica de Cookies"},"content":{"rendered":"[vc_row type=\u00bbin_container\u00bb full_screen_row_position=\u00bbmiddle\u00bb scene_position=\u00bbcenter\u00bb text_color=\u00bbdark\u00bb text_align=\u00bbleft\u00bb overlay_strength=\u00bb0.3&#8243; shape_divider_position=\u00bbbottom\u00bb][vc_column column_padding=\u00bbno-extra-padding\u00bb column_padding_position=\u00bball\u00bb background_color_opacity=\u00bb1&#8243; background_hover_color_opacity=\u00bb1&#8243; column_shadow=\u00bbnone\u00bb column_border_radius=\u00bbnone\u00bb width=\u00bb1\/1&#8243; tablet_text_alignment=\u00bbdefault\u00bb phone_text_alignment=\u00bbdefault\u00bb column_border_width=\u00bbnone\u00bb column_border_style=\u00bbsolid\u00bb][vc_column_text][\/vc_column_text][\/vc_column][\/vc_row][vc_row type=\u00bbin_container\u00bb full_screen_row_position=\u00bbmiddle\u00bb scene_position=\u00bbcenter\u00bb text_color=\u00bbdark\u00bb text_align=\u00bbleft\u00bb top_padding=\u00bb60&#8243; overlay_strength=\u00bb0.3&#8243; shape_divider_position=\u00bbbottom\u00bb shape_type=\u00bb\u00bb][vc_column column_padding=\u00bbno-extra-padding\u00bb column_padding_position=\u00bball\u00bb background_color_opacity=\u00bb1&#8243; background_hover_color_opacity=\u00bb1&#8243; column_shadow=\u00bbnone\u00bb column_border_radius=\u00bbnone\u00bb width=\u00bb1\/1&#8243; tablet_text_alignment=\u00bbdefault\u00bb phone_text_alignment=\u00bbdefault\u00bb column_border_width=\u00bbnone\u00bb column_border_style=\u00bbsolid\u00bb offset=\u00bbvc_col-lg-10&#8243;][vc_column_text]<strong>POL\u00cdTICA DE COOKIES<\/strong><\/p>\n<p><strong>Introducci\u00f3n y concepto de cookie.<\/strong><br \/>\nEn cumplimiento de lo establecido en el apartado segundo del art\u00edculo 22 de la Ley 34\/2002, de 11 de julio, de Servicios de la Sociedad de la Informaci\u00f3n y de Comercio Electr\u00f3nico, con el presente documento Ibiza Feeling S. L., en adelante LA EMPRESA, pretende darle a conocer qu\u00e9 son las cookies, su funci\u00f3n, utilidad y necesidad, de manera que usted pueda tomar decisiones libremente sobre su aceptaci\u00f3n o no. A pesar de ello, queda informado expl\u00edcitamente de que pueden haber cookies que son necesarias para las comunicaciones entre su equipo y la red, as\u00ed como para prestar los servicios expresamente solicitados por usted, quedando en ambos casos exceptuadas del cumplimiento de las obligaciones establecidas en dicho art\u00edculo.<\/p>\n<p>Una cookie es simplemente un fichero con un c\u00f3digo an\u00f3nimo que se descarga en su ordenador al acceder a determinadas p\u00e1ginas web. Estos peque\u00f1os ficheros permiten a una p\u00e1gina web, entre otras cosas, almacenar, registrar y recuperar informaci\u00f3n de forma pasiva sobre los h\u00e1bitos de navegaci\u00f3n de un usuario o de su equipo en el sitio web. Esta informaci\u00f3n puede permitir conocer el lugar desde el que accede, el tiempo de conexi\u00f3n, el tipo de dispositivo desde el que accede (fijo o m\u00f3vil), el sistema operativo, el navegador, las p\u00e1ginas m\u00e1s visitadas y el n\u00famero de clicks realizados entre otros datos de comportamiento del usuario en Internet.<\/p>\n<p>Puede usted desactivar las cookies en su navegador y eliminarlas en cualquier momento. Sin embargo, debe usted saber que si bien el sitio web es accesible sin necesidad de que las cookies est\u00e9n activadas, su desactivaci\u00f3n puede impedir el correcto funcionamiento del mismo.<\/p>\n<p><strong>Tipos de cookies.<\/strong><br \/>\nLas cookies se clasifican en las siguientes categor\u00edas seg\u00fan sus funciones:<\/p>\n<p>\u2022 <em>Cookies estrictamente necesarias o t\u00e9cnicas<\/em>: Son las que permiten al usuario la navegaci\u00f3n a trav\u00e9s de una p\u00e1gina web, plataforma o aplicaci\u00f3n, as\u00ed como la utilizaci\u00f3n de las diferentes opciones o servicios que en ella existan.<br \/>\n\u2022 <em>Cookies de personalizaci\u00f3n<\/em>: Son las que permiten al usuario configurar algunas caracter\u00edsticas de car\u00e1cter general las que acceder\u00e1 al servicio (idioma, tipo de navegador, etc.).<br \/>\n\u2022 <em>Cookies de an\u00e1lisis<\/em>: Son aqu\u00e9llas que permiten al responsable de las mismas, el seguimiento y an\u00e1lisis del comportamiento de los usuarios de los sitios web a los que est\u00e1n vinculadas. Estas se utilizan para el an\u00e1lisis de la actividad de los sitios o aplicaciones a los que accede el usuario, as\u00ed como para la elaboraci\u00f3n de perfiles de navegaci\u00f3n que pueden utilizarse para estudiar mejoras para los usuarios en dichos sitios o aplicaciones.<br \/>\n\u2022 <em>Cookies publicitarias<\/em>: Se utilizan para la gesti\u00f3n de los espacios publicitarios que el propietario de la web o aplicaci\u00f3n haya incluido en ellas.<br \/>\n\u2022 <em>Cookies de publicidad basadas en el comportamiento<\/em>: Son aqu\u00e9llas que permiten la gesti\u00f3n de los espacios publicitarios que el propietario de la web o aplicaci\u00f3n haya incluido en ellas, de la forma m\u00e1s eficaz posible. Para ello utiliza datos de comportamiento del usuario almacenados en estas cookies.<\/p>\n<p><strong>Uso de las cookies en la p\u00e1gina web.<\/strong><br \/>\nLe informamos de modo expreso, preciso e inequ\u00edvoco que la informaci\u00f3n que se obtenga a trav\u00e9s de las cookies que se instalen en su ordenador, exceptuando si cabe las utilizadas para la personalizaci\u00f3n de la navegaci\u00f3n y para cuestiones t\u00e9cnicas, no ser\u00e1 utilizada por nosotros, ya que no utilizamos cookies de an\u00e1lisis ni publicitarias de ning\u00fan tipo. Los destinatarios de la informaci\u00f3n que se obtenga a trav\u00e9s de las cookies que se instalen en su ordenador ser\u00e1n las siguientes entidades:<\/p>\n<p>\u2022 Ibiza Feeling<br \/>\n\u2022 Google<br \/>\n\u2022 WordPress<\/p>\n<p>Las finalidades previstas son las indicadas en la siguiente tabla:<\/p>\n<table width=\"100%\">\n<tbody>\n<tr>\n<td width=\"21%\"><strong>Cookie<\/strong><\/td>\n<td width=\"12%\"><strong>Titular<\/strong><\/td>\n<td width=\"22%\"><strong>Fecha de caducidad<\/strong><\/td>\n<td width=\"42%\"><strong>Funcionalidad<\/strong><\/td>\n<\/tr>\n<tr>\n<td width=\"21%\">PHPSESSID<\/td>\n<td width=\"12%\">Ibiza Feeling<\/td>\n<td width=\"22%\">Sesi\u00f3n<\/td>\n<td width=\"42%\">Esta cookie es usada por el lenguaje de programaci\u00f3n PHP para gestionar las variables de sesi\u00f3n guardadas en el servidor web. Esta cookies es esencial para el funcionamiento de la web.<\/td>\n<\/tr>\n<tr>\n<td width=\"21%\">crisp-client<\/td>\n<td width=\"12%\">Ibiza Feeling<\/td>\n<td width=\"22%\">Seis meses<\/td>\n<td width=\"42%\">Se utiliza para funcionalidades de chat<\/td>\n<\/tr>\n<tr>\n<td width=\"21%\">icl visitor lang js<\/td>\n<td width=\"12%\">WordPress<\/td>\n<td width=\"22%\">1 d\u00eda<\/td>\n<td width=\"42%\">Recuerda el idioma utilizado por el usuario.<\/td>\n<\/tr>\n<tr>\n<td width=\"21%\">wpml browser redirect test<\/td>\n<td width=\"12%\">WordPress<\/td>\n<td width=\"22%\">Sesion<\/td>\n<td width=\"42%\">Plugin de WordPress usado para\u00a0 redireccionamiento del navegador<\/td>\n<\/tr>\n<tr>\n<td width=\"21%\">_ga<\/td>\n<td width=\"12%\">Google<\/td>\n<td width=\"22%\">Dos a\u00f1os a partir de su instalaci\u00f3n<\/td>\n<td width=\"42%\">Genera datos estad\u00edsticos de c\u00f3mo se usa la p\u00e1gina<\/td>\n<\/tr>\n<tr>\n<td width=\"21%\">_gid<\/td>\n<td width=\"12%\">Google<\/td>\n<td width=\"22%\">Sesi\u00f3n<\/td>\n<td width=\"42%\">Estad\u00edsticas de c\u00f3mo el visitante usa la p\u00e1gina<\/td>\n<\/tr>\n<tr>\n<td width=\"21%\">_gali<\/td>\n<td width=\"12%\">Google<\/td>\n<td width=\"22%\">Sesi\u00f3n<\/td>\n<td width=\"42%\">An\u00e1lisis de Datos<\/td>\n<\/tr>\n<tr>\n<td width=\"21%\">_dc_gtm_UA<\/td>\n<td width=\"12%\">Google<\/td>\n<td width=\"22%\">Sesi\u00f3n<\/td>\n<td width=\"42%\">Utilizada para identificar los usuarios por edad, g\u00e9nero o inter\u00e9s por DoubleClick &#8211; Google Tag Manager.<\/td>\n<\/tr>\n<\/tbody>\n<\/table>\n<p><strong>Revocaci\u00f3n de la autorizaci\u00f3n para el uso de cookies y configuraci\u00f3n del navegador<\/strong><br \/>\nComo ya le hemos informado, una vez instaladas las Cookies usted podr\u00e1, en cualquier momento, revocar su consentimiento y eliminar las mismas. Para ello podr\u00e1 utilizar las opciones de configuraci\u00f3n de contenidos y privacidad disponibles en el navegador que est\u00e9 utilizando durante la navegaci\u00f3n web.<\/p>\n<p><strong>Actualizaci\u00f3n de la Pol\u00edtica de Cookies y contacto<\/strong><br \/>\nEsta Pol\u00edtica de Cookies puede ir variando en funci\u00f3n de las cookies que se utilicen. Le recomendamos revise esta pol\u00edtica cada vez que acceda a nuestro sitio Web con el objetivo de estar adecuadamente informado sobre c\u00f3mo y para qu\u00e9 usamos las cookies y pueda tener conocimiento de cualquier cambio en el tipo de datos que se recogen.<\/p>\n<p>Si desea usted hacer alguna pregunta sobre nuestra Pol\u00edtica de Cookies, o revocar el consentimiento prestado con anterioridad, puede usted ponerse en contacto con LA EMPRESA a trav\u00e9s de la siguiente direcci\u00f3n de correo electr\u00f3nico info@ibizafeeling.com indicando en el asunto \u201cPol\u00edtica de Cookies\u201d.[\/vc_column_text][\/vc_column][\/vc_row][vc_row type=\u00bbin_container\u00bb full_screen_row_position=\u00bbmiddle\u00bb scene_position=\u00bbcenter\u00bb text_color=\u00bbdark\u00bb text_align=\u00bbleft\u00bb overlay_strength=\u00bb0.3&#8243; shape_divider_position=\u00bbbottom\u00bb][vc_column column_padding=\u00bbno-extra-padding\u00bb column_padding_position=\u00bball\u00bb background_color_opacity=\u00bb1&#8243; background_hover_color_opacity=\u00bb1&#8243; column_shadow=\u00bbnone\u00bb column_border_radius=\u00bbnone\u00bb width=\u00bb1\/1&#8243; tablet_text_alignment=\u00bbdefault\u00bb phone_text_alignment=\u00bbdefault\u00bb column_border_width=\u00bbnone\u00bb column_border_style=\u00bbsolid\u00bb][vc_column_text][\/vc_column_text][\/vc_column][\/vc_row]\n","protected":false},"excerpt":{"rendered":"<p>[vc_row type=\u00bbin_container\u00bb full_screen_row_position=\u00bbmiddle\u00bb scene_position=\u00bbcenter\u00bb text_color=\u00bbdark\u00bb text_align=\u00bbleft\u00bb overlay_strength=\u00bb0.3&#8243; shape_divider_position=\u00bbbottom\u00bb][vc_column column_padding=\u00bbno-extra-padding\u00bb column_padding_position=\u00bball\u00bb background_color_opacity=\u00bb1&#8243; background_hover_color_opacity=\u00bb1&#8243; column_shadow=\u00bbnone\u00bb column_border_radius=\u00bbnone\u00bb width=\u00bb1\/1&#8243; tablet_text_alignment=\u00bbdefault\u00bb phone_text_alignment=\u00bbdefault\u00bb column_border_width=\u00bbnone\u00bb column_border_style=\u00bbsolid\u00bb][vc_column_text][\/vc_column_text][\/vc_column][\/vc_row][vc_row type=\u00bbin_container\u00bb full_screen_row_position=\u00bbmiddle\u00bb scene_position=\u00bbcenter\u00bb text_color=\u00bbdark\u00bb text_align=\u00bbleft\u00bb top_padding=\u00bb60&#8243; overlay_strength=\u00bb0.3&#8243; shape_divider_position=\u00bbbottom\u00bb shape_type=\u00bb\u00bb][vc_column column_padding=\u00bbno-extra-padding\u00bb column_padding_position=\u00bball\u00bb&#8230;<\/p>\n","protected":false},"author":2,"featured_media":0,"parent":0,"menu_order":0,"comment_status":"closed","ping_status":"closed","template":"","meta":{"om_disable_all_campaigns":false},"yoast_head":"<!-- This site is optimized with the Yoast SEO plugin v18.2 - https:\/\/yoast.com\/wordpress\/plugins\/seo\/ -->\n<title>Ibiza Feeling Hotels l Pol\u00edtica de Cookies l Web oficial l Sant Antoni<\/title>\n<meta name=\"robots\" content=\"index, follow, max-snippet:-1, max-image-preview:large, max-video-preview:-1\" \/>\n<link rel=\"canonical\" href=\"https:\/\/www.ibizafeeling.com\/es\/politica-de-cookies\/\" \/>\n<meta property=\"og:locale\" content=\"es_ES\" \/>\n<meta property=\"og:type\" content=\"article\" \/>\n<meta property=\"og:title\" content=\"Ibiza Feeling Hotels l Pol\u00edtica de Cookies l Web oficial l Sant Antoni\" \/>\n<meta property=\"og:description\" content=\"[vc_row type=\u00bbin_container\u00bb full_screen_row_position=\u00bbmiddle\u00bb scene_position=\u00bbcenter\u00bb text_color=\u00bbdark\u00bb text_align=\u00bbleft\u00bb overlay_strength=\u00bb0.3&#8243; shape_divider_position=\u00bbbottom\u00bb][vc_column column_padding=\u00bbno-extra-padding\u00bb column_padding_position=\u00bball\u00bb background_color_opacity=\u00bb1&#8243; background_hover_color_opacity=\u00bb1&#8243; column_shadow=\u00bbnone\u00bb column_border_radius=\u00bbnone\u00bb width=\u00bb1\/1&#8243; tablet_text_alignment=\u00bbdefault\u00bb phone_text_alignment=\u00bbdefault\u00bb column_border_width=\u00bbnone\u00bb column_border_style=\u00bbsolid\u00bb][vc_column_text][\/vc_column_text][\/vc_column][\/vc_row][vc_row type=\u00bbin_container\u00bb full_screen_row_position=\u00bbmiddle\u00bb scene_position=\u00bbcenter\u00bb text_color=\u00bbdark\u00bb text_align=\u00bbleft\u00bb top_padding=\u00bb60&#8243; overlay_strength=\u00bb0.3&#8243; shape_divider_position=\u00bbbottom\u00bb shape_type=\u00bb\u00bb][vc_column column_padding=\u00bbno-extra-padding\u00bb column_padding_position=\u00bball\u00bb...\" \/>\n<meta property=\"og:url\" content=\"https:\/\/www.ibizafeeling.com\/es\/politica-de-cookies\/\" \/>\n<meta property=\"og:site_name\" content=\"Ibiza Feeling\" \/>\n<meta property=\"article:publisher\" content=\"https:\/\/www.facebook.com\/ibizafeeling\" \/>\n<meta property=\"article:modified_time\" content=\"2021-02-23T11:05:14+00:00\" \/>\n<meta name=\"twitter:card\" content=\"summary_large_image\" \/>\n<meta name=\"twitter:site\" content=\"@ibizafeeling\" \/>\n<meta name=\"twitter:label1\" content=\"Tiempo de lectura\" \/>\n\t<meta name=\"twitter:data1\" content=\"6 minutos\" \/>\n<script type=\"application\/ld+json\" class=\"yoast-schema-graph\">{\"@context\":\"https:\/\/schema.org\",\"@graph\":[{\"@type\":\"Organization\",\"@id\":\"https:\/\/www.ibizafeeling.com\/#organization\",\"name\":\"Ibiza Feeling Hotels\",\"url\":\"https:\/\/www.ibizafeeling.com\/\",\"sameAs\":[\"https:\/\/www.facebook.com\/ibizafeeling\",\"https:\/\/www.instagram.com\/ibizafeelingroup\/\",\"https:\/\/twitter.com\/ibizafeeling\"],\"logo\":{\"@type\":\"ImageObject\",\"@id\":\"https:\/\/www.ibizafeeling.com\/#logo\",\"inLanguage\":\"es\",\"url\":\"https:\/\/www.ibizafeeling.com\/wp-content\/uploads\/2017\/11\/logo.png\",\"contentUrl\":\"https:\/\/www.ibizafeeling.com\/wp-content\/uploads\/2017\/11\/logo.png\",\"width\":250,\"height\":100,\"caption\":\"Ibiza Feeling Hotels\"},\"image\":{\"@id\":\"https:\/\/www.ibizafeeling.com\/#logo\"}},{\"@type\":\"WebSite\",\"@id\":\"https:\/\/www.ibizafeeling.com\/#website\",\"url\":\"https:\/\/www.ibizafeeling.com\/\",\"name\":\"Ibiza Feeling\",\"description\":\"Hotels and apartments in Sant Antonio, Ibiza\",\"publisher\":{\"@id\":\"https:\/\/www.ibizafeeling.com\/#organization\"},\"potentialAction\":[{\"@type\":\"SearchAction\",\"target\":{\"@type\":\"EntryPoint\",\"urlTemplate\":\"https:\/\/www.ibizafeeling.com\/?s={search_term_string}\"},\"query-input\":\"required name=search_term_string\"}],\"inLanguage\":\"es\"},{\"@type\":\"WebPage\",\"@id\":\"https:\/\/www.ibizafeeling.com\/es\/politica-de-cookies\/#webpage\",\"url\":\"https:\/\/www.ibizafeeling.com\/es\/politica-de-cookies\/\",\"name\":\"Ibiza Feeling Hotels l Pol\u00edtica de Cookies l Web oficial l Sant Antoni\",\"isPartOf\":{\"@id\":\"https:\/\/www.ibizafeeling.com\/#website\"},\"datePublished\":\"2018-08-27T09:48:27+00:00\",\"dateModified\":\"2021-02-23T11:05:14+00:00\",\"breadcrumb\":{\"@id\":\"https:\/\/www.ibizafeeling.com\/es\/politica-de-cookies\/#breadcrumb\"},\"inLanguage\":\"es\",\"potentialAction\":[{\"@type\":\"ReadAction\",\"target\":[\"https:\/\/www.ibizafeeling.com\/es\/politica-de-cookies\/\"]}]},{\"@type\":\"BreadcrumbList\",\"@id\":\"https:\/\/www.ibizafeeling.com\/es\/politica-de-cookies\/#breadcrumb\",\"itemListElement\":[{\"@type\":\"ListItem\",\"position\":1,\"name\":\"Portada\",\"item\":\"https:\/\/www.ibizafeeling.com\/es\/\"},{\"@type\":\"ListItem\",\"position\":2,\"name\":\"Pol\u00edtica de Cookies\"}]}]}<\/script>\n<!-- \/ Yoast SEO plugin. -->","yoast_head_json":{"title":"Ibiza Feeling Hotels l Pol\u00edtica de Cookies l Web oficial l Sant Antoni","robots":{"index":"index","follow":"follow","max-snippet":"max-snippet:-1","max-image-preview":"max-image-preview:large","max-video-preview":"max-video-preview:-1"},"canonical":"https:\/\/www.ibizafeeling.com\/es\/politica-de-cookies\/","og_locale":"es_ES","og_type":"article","og_title":"Ibiza Feeling Hotels l Pol\u00edtica de Cookies l Web oficial l Sant Antoni","og_description":"[vc_row type=\u00bbin_container\u00bb full_screen_row_position=\u00bbmiddle\u00bb scene_position=\u00bbcenter\u00bb text_color=\u00bbdark\u00bb text_align=\u00bbleft\u00bb overlay_strength=\u00bb0.3&#8243; shape_divider_position=\u00bbbottom\u00bb][vc_column column_padding=\u00bbno-extra-padding\u00bb column_padding_position=\u00bball\u00bb background_color_opacity=\u00bb1&#8243; background_hover_color_opacity=\u00bb1&#8243; column_shadow=\u00bbnone\u00bb column_border_radius=\u00bbnone\u00bb width=\u00bb1\/1&#8243; tablet_text_alignment=\u00bbdefault\u00bb phone_text_alignment=\u00bbdefault\u00bb column_border_width=\u00bbnone\u00bb column_border_style=\u00bbsolid\u00bb][vc_column_text][\/vc_column_text][\/vc_column][\/vc_row][vc_row type=\u00bbin_container\u00bb full_screen_row_position=\u00bbmiddle\u00bb scene_position=\u00bbcenter\u00bb text_color=\u00bbdark\u00bb text_align=\u00bbleft\u00bb top_padding=\u00bb60&#8243; overlay_strength=\u00bb0.3&#8243; shape_divider_position=\u00bbbottom\u00bb shape_type=\u00bb\u00bb][vc_column column_padding=\u00bbno-extra-padding\u00bb column_padding_position=\u00bball\u00bb...","og_url":"https:\/\/www.ibizafeeling.com\/es\/politica-de-cookies\/","og_site_name":"Ibiza Feeling","article_publisher":"https:\/\/www.facebook.com\/ibizafeeling","article_modified_time":"2021-02-23T11:05:14+00:00","twitter_card":"summary_large_image","twitter_site":"@ibizafeeling","twitter_misc":{"Tiempo de lectura":"6 minutos"},"schema":{"@context":"https:\/\/schema.org","@graph":[{"@type":"Organization","@id":"https:\/\/www.ibizafeeling.com\/#organization","name":"Ibiza Feeling Hotels","url":"https:\/\/www.ibizafeeling.com\/","sameAs":["https:\/\/www.facebook.com\/ibizafeeling","https:\/\/www.instagram.com\/ibizafeelingroup\/","https:\/\/twitter.com\/ibizafeeling"],"logo":{"@type":"ImageObject","@id":"https:\/\/www.ibizafeeling.com\/#logo","inLanguage":"es","url":"https:\/\/www.ibizafeeling.com\/wp-content\/uploads\/2017\/11\/logo.png","contentUrl":"https:\/\/www.ibizafeeling.com\/wp-content\/uploads\/2017\/11\/logo.png","width":250,"height":100,"caption":"Ibiza Feeling Hotels"},"image":{"@id":"https:\/\/www.ibizafeeling.com\/#logo"}},{"@type":"WebSite","@id":"https:\/\/www.ibizafeeling.com\/#website","url":"https:\/\/www.ibizafeeling.com\/","name":"Ibiza Feeling","description":"Hotels and apartments in Sant Antonio, Ibiza","publisher":{"@id":"https:\/\/www.ibizafeeling.com\/#organization"},"potentialAction":[{"@type":"SearchAction","target":{"@type":"EntryPoint","urlTemplate":"https:\/\/www.ibizafeeling.com\/?s={search_term_string}"},"query-input":"required name=search_term_string"}],"inLanguage":"es"},{"@type":"WebPage","@id":"https:\/\/www.ibizafeeling.com\/es\/politica-de-cookies\/#webpage","url":"https:\/\/www.ibizafeeling.com\/es\/politica-de-cookies\/","name":"Ibiza Feeling Hotels l Pol\u00edtica de Cookies l Web oficial l Sant Antoni","isPartOf":{"@id":"https:\/\/www.ibizafeeling.com\/#website"},"datePublished":"2018-08-27T09:48:27+00:00","dateModified":"2021-02-23T11:05:14+00:00","breadcrumb":{"@id":"https:\/\/www.ibizafeeling.com\/es\/politica-de-cookies\/#breadcrumb"},"inLanguage":"es","potentialAction":[{"@type":"ReadAction","target":["https:\/\/www.ibizafeeling.com\/es\/politica-de-cookies\/"]}]},{"@type":"BreadcrumbList","@id":"https:\/\/www.ibizafeeling.com\/es\/politica-de-cookies\/#breadcrumb","itemListElement":[{"@type":"ListItem","position":1,"name":"Portada","item":"https:\/\/www.ibizafeeling.com\/es\/"},{"@type":"ListItem","position":2,"name":"Pol\u00edtica de Cookies"}]}]}},"_links":{"self":[{"href":"https:\/\/www.ibizafeeling.com\/es\/wp-json\/wp\/v2\/pages\/2260"}],"collection":[{"href":"https:\/\/www.ibizafeeling.com\/es\/wp-json\/wp\/v2\/pages"}],"about":[{"href":"https:\/\/www.ibizafeeling.com\/es\/wp-json\/wp\/v2\/types\/page"}],"author":[{"embeddable":true,"href":"https:\/\/www.ibizafeeling.com\/es\/wp-json\/wp\/v2\/users\/2"}],"replies":[{"embeddable":true,"href":"https:\/\/www.ibizafeeling.com\/es\/wp-json\/wp\/v2\/comments?post=2260"}],"version-history":[{"count":9,"href":"https:\/\/www.ibizafeeling.com\/es\/wp-json\/wp\/v2\/pages\/2260\/revisions"}],"predecessor-version":[{"id":3521,"href":"https:\/\/www.ibizafeeling.com\/es\/wp-json\/wp\/v2\/pages\/2260\/revisions\/3521"}],"wp:attachment":[{"href":"https:\/\/www.ibizafeeling.com\/es\/wp-json\/wp\/v2\/media?parent=2260"}],"curies":[{"name":"wp","href":"https:\/\/api.w.org\/{rel}","templated":true}]}}