{"id":1182,"date":"2017-05-30T13:55:55","date_gmt":"2017-05-30T11:55:55","guid":{"rendered":"https:\/\/www.ibizafeeling.com\/hoteles\/the-blue-apartments\/apartamentos\/"},"modified":"2025-03-05T01:44:18","modified_gmt":"2025-03-04T23:44:18","slug":"apartamentos","status":"publish","type":"page","link":"https:\/\/www.ibizafeeling.com\/es\/hoteles\/the-blue-apartments\/apartamentos\/","title":{"rendered":"Apartamentos"},"content":{"rendered":"[vc_row type=\u00bbfull_width_background\u00bb full_screen_row_position=\u00bbmiddle\u00bb column_margin=\u00bbdefault\u00bb column_direction=\u00bbdefault\u00bb column_direction_tablet=\u00bbdefault\u00bb column_direction_phone=\u00bbdefault\u00bb bg_image=\u00bb2185&#8243; bg_position=\u00bbcenter center\u00bb background_image_loading=\u00bbdefault\u00bb bg_repeat=\u00bbno-repeat\u00bb scene_position=\u00bbcenter\u00bb top_padding=\u00bb10%\u00bb bottom_padding=\u00bb10%\u00bb text_color=\u00bbdark\u00bb text_align=\u00bbleft\u00bb row_border_radius=\u00bbnone\u00bb row_border_radius_applies=\u00bbbg\u00bb overflow=\u00bbvisible\u00bb color_overlay=\u00bb#000000&#8243; overlay_strength=\u00bb0.5&#8243; gradient_direction=\u00bbleft_to_right\u00bb shape_divider_position=\u00bbbottom\u00bb bg_image_animation=\u00bbnone\u00bb shape_type=\u00bb\u00bb][vc_column column_padding=\u00bbno-extra-padding\u00bb column_padding_tablet=\u00bbinherit\u00bb column_padding_phone=\u00bbinherit\u00bb column_padding_position=\u00bball\u00bb column_element_spacing=\u00bbdefault\u00bb background_color_opacity=\u00bb1&#8243; background_hover_color_opacity=\u00bb1&#8243; column_shadow=\u00bbnone\u00bb column_border_radius=\u00bbnone\u00bb column_link_target=\u00bb_self\u00bb column_position=\u00bbdefault\u00bb gradient_direction=\u00bbleft_to_right\u00bb overlay_strength=\u00bb0.3&#8243; width=\u00bb1\/1&#8243; tablet_width_inherit=\u00bbdefault\u00bb tablet_text_alignment=\u00bbdefault\u00bb phone_text_alignment=\u00bbdefault\u00bb animation_type=\u00bbdefault\u00bb bg_image_animation=\u00bbnone\u00bb border_type=\u00bbsimple\u00bb column_border_width=\u00bbnone\u00bb column_border_style=\u00bbsolid\u00bb][vc_row_inner column_margin=\u00bbdefault\u00bb column_direction=\u00bbdefault\u00bb column_direction_tablet=\u00bbdefault\u00bb column_direction_phone=\u00bbdefault\u00bb text_align=\u00bbleft\u00bb row_position=\u00bbdefault\u00bb row_position_tablet=\u00bbinherit\u00bb row_position_phone=\u00bbinherit\u00bb overflow=\u00bbvisible\u00bb pointer_events=\u00bball\u00bb][vc_column_inner column_padding=\u00bbno-extra-padding\u00bb column_padding_tablet=\u00bbinherit\u00bb column_padding_phone=\u00bbinherit\u00bb column_padding_position=\u00bball\u00bb column_element_spacing=\u00bbdefault\u00bb background_color_opacity=\u00bb1&#8243; background_hover_color_opacity=\u00bb1&#8243; font_color=\u00bb#ffffff\u00bb column_shadow=\u00bbnone\u00bb column_border_radius=\u00bbnone\u00bb column_link_target=\u00bb_self\u00bb gradient_direction=\u00bbleft_to_right\u00bb overlay_strength=\u00bb0.3&#8243; width=\u00bb1\/1&#8243; tablet_width_inherit=\u00bbdefault\u00bb animation_type=\u00bbdefault\u00bb bg_image_animation=\u00bbnone\u00bb border_type=\u00bbsimple\u00bb column_border_width=\u00bbnone\u00bb column_border_style=\u00bbsolid\u00bb][vc_column_text el_class=\u00bbtop_rooms\u00bb]\n<h1>Apartamentos<\/h1>\n<h3>Disfruta y descansa<\/h3>\n[\/vc_column_text][\/vc_column_inner][\/vc_row_inner][vc_row_inner column_margin=\u00bbdefault\u00bb column_direction=\u00bbdefault\u00bb column_direction_tablet=\u00bbdefault\u00bb column_direction_phone=\u00bbdefault\u00bb text_align=\u00bbleft\u00bb row_position=\u00bbdefault\u00bb row_position_tablet=\u00bbinherit\u00bb row_position_phone=\u00bbinherit\u00bb class=\u00bbtipos_rooms tr_blue\u00bb overflow=\u00bbvisible\u00bb pointer_events=\u00bball\u00bb][vc_column_inner column_padding=\u00bbno-extra-padding\u00bb column_padding_tablet=\u00bbinherit\u00bb column_padding_phone=\u00bbinherit\u00bb column_padding_position=\u00bball\u00bb column_element_spacing=\u00bbdefault\u00bb background_color_opacity=\u00bb1&#8243; background_hover_color_opacity=\u00bb1&#8243; column_shadow=\u00bbnone\u00bb column_border_radius=\u00bbnone\u00bb column_link_target=\u00bb_self\u00bb gradient_direction=\u00bbleft_to_right\u00bb overlay_strength=\u00bb0.3&#8243; width=\u00bb1\/3&#8243; tablet_width_inherit=\u00bbdefault\u00bb animation_type=\u00bbdefault\u00bb bg_image_animation=\u00bbnone\u00bb border_type=\u00bbsimple\u00bb column_border_width=\u00bbnone\u00bb column_border_style=\u00bbsolid\u00bb][vc_column_text]<a href=\"https:\/\/www.ibizafeeling.com\/es\/hoteles\/the-blue-apartments\/apartamentos\/estudios\/\">01\/ Estudios<\/a>[\/vc_column_text][\/vc_column_inner][vc_column_inner column_padding=\u00bbno-extra-padding\u00bb column_padding_tablet=\u00bbinherit\u00bb column_padding_phone=\u00bbinherit\u00bb column_padding_position=\u00bball\u00bb column_element_spacing=\u00bbdefault\u00bb background_color_opacity=\u00bb1&#8243; background_hover_color_opacity=\u00bb1&#8243; column_shadow=\u00bbnone\u00bb column_border_radius=\u00bbnone\u00bb column_link_target=\u00bb_self\u00bb gradient_direction=\u00bbleft_to_right\u00bb overlay_strength=\u00bb0.3&#8243; width=\u00bb1\/3&#8243; tablet_width_inherit=\u00bbdefault\u00bb animation_type=\u00bbdefault\u00bb bg_image_animation=\u00bbnone\u00bb border_type=\u00bbsimple\u00bb column_border_width=\u00bbnone\u00bb column_border_style=\u00bbsolid\u00bb][vc_column_text]<a href=\"https:\/\/www.ibizafeeling.com\/es\/hoteles\/the-blue-apartments\/apartamentos\/apartamentos\/\">02\/ Apartamentos<\/a>[\/vc_column_text][\/vc_column_inner][vc_column_inner column_padding=\u00bbno-extra-padding\u00bb column_padding_tablet=\u00bbinherit\u00bb column_padding_phone=\u00bbinherit\u00bb column_padding_position=\u00bball\u00bb column_element_spacing=\u00bbdefault\u00bb background_color_opacity=\u00bb1&#8243; background_hover_color_opacity=\u00bb1&#8243; column_shadow=\u00bbnone\u00bb column_border_radius=\u00bbnone\u00bb column_link_target=\u00bb_self\u00bb gradient_direction=\u00bbleft_to_right\u00bb overlay_strength=\u00bb0.3&#8243; width=\u00bb1\/3&#8243; tablet_width_inherit=\u00bbdefault\u00bb animation_type=\u00bbdefault\u00bb bg_image_animation=\u00bbnone\u00bb border_type=\u00bbsimple\u00bb column_border_width=\u00bbnone\u00bb column_border_style=\u00bbsolid\u00bb][\/vc_column_inner][\/vc_row_inner][\/vc_column][\/vc_row][vc_row type=\u00bbfull_width_content\u00bb full_screen_row_position=\u00bbmiddle\u00bb column_margin=\u00bbdefault\u00bb equal_height=\u00bbyes\u00bb column_direction=\u00bbdefault\u00bb column_direction_tablet=\u00bbdefault\u00bb column_direction_phone=\u00bbdefault\u00bb scene_position=\u00bbcenter\u00bb top_padding=\u00bb50&#8243; text_color=\u00bbdark\u00bb text_align=\u00bbleft\u00bb row_border_radius=\u00bbnone\u00bb row_border_radius_applies=\u00bbbg\u00bb overflow=\u00bbvisible\u00bb class=\u00bbblue_azul\u00bb overlay_strength=\u00bb0.3&#8243; gradient_direction=\u00bbleft_to_right\u00bb shape_divider_position=\u00bbbottom\u00bb bg_image_animation=\u00bbnone\u00bb][vc_column column_padding=\u00bbno-extra-padding\u00bb column_padding_tablet=\u00bbinherit\u00bb column_padding_phone=\u00bbinherit\u00bb column_padding_position=\u00bball\u00bb column_element_spacing=\u00bbdefault\u00bb background_color_opacity=\u00bb1&#8243; background_hover_color_opacity=\u00bb1&#8243; column_shadow=\u00bbnone\u00bb column_border_radius=\u00bbnone\u00bb column_link_target=\u00bb_self\u00bb column_position=\u00bbdefault\u00bb gradient_direction=\u00bbleft_to_right\u00bb overlay_strength=\u00bb0.3&#8243; width=\u00bb1\/3&#8243; tablet_width_inherit=\u00bbdefault\u00bb tablet_text_alignment=\u00bbdefault\u00bb phone_text_alignment=\u00bbdefault\u00bb animation_type=\u00bbdefault\u00bb bg_image_animation=\u00bbnone\u00bb border_type=\u00bbsimple\u00bb column_border_width=\u00bbnone\u00bb column_border_style=\u00bbsolid\u00bb][vc_column_text css=\u00bb.vc_custom_1741131853958{padding-top: 20% !important;padding-left: 30% !important;}\u00bb]\n<h2>Estudios<\/h2>\n<p>Nuestros <strong data-start=\"25\" data-end=\"37\">estudios<\/strong> est\u00e1n distribuidos en las 4 plantas del edificio, ofreciendo un espacio acogedor de <strong data-start=\"122\" data-end=\"131\">20 m\u00b2<\/strong> ideal para 2 personas. En una \u00fanica estancia di\u00e1fana reci\u00e9n renovada, disfrutar\u00e1s de un ambiente moderno y funcional, pensado para que tu estancia sea pr\u00e1ctica y agradable. Perfectos para quienes buscan una experiencia c\u00f3moda y sin complicaciones.[\/vc_column_text][vc_column_text el_class=\u00bbenlace_flecha\u00bb css=\u00bb.vc_custom_1615204031588{padding-left: 30% !important;}\u00bb]<a href=\"https:\/\/www.ibizafeeling.com\/es\/hoteles\/the-blue-apartments\/apartamentos\/estudios\/\">VER ESTUDIO<\/a>\u00a0<div class=\"cont_flechita\"><a href=\"https:\/\/www.ibizafeeling.com\/es\/hoteles\/the-blue-apartments\/apartamentos\/estudio\/\" class=\"flechita next\"><svg viewBox=\"0 0 100 100\"><path d=\"M 20,50 L 70,80 L 70,75 L 70,50  L 70,25 L 70,20 Z\" class=\"arrow\" transform=\"translate(100, 100) rotate(180) \"><\/path><\/svg><\/a><\/div>[\/vc_column_text][\/vc_column][vc_column column_padding=\u00bbpadding-5-percent\u00bb column_padding_tablet=\u00bbinherit\u00bb column_padding_phone=\u00bbinherit\u00bb column_padding_position=\u00bbleft\u00bb column_element_spacing=\u00bbdefault\u00bb background_color_opacity=\u00bb1&#8243; background_hover_color_opacity=\u00bb1&#8243; column_shadow=\u00bbnone\u00bb column_border_radius=\u00bbnone\u00bb column_link_target=\u00bb_self\u00bb column_position=\u00bbdefault\u00bb gradient_direction=\u00bbleft_to_right\u00bb overlay_strength=\u00bb0.3&#8243; width=\u00bb2\/3&#8243; tablet_width_inherit=\u00bbdefault\u00bb tablet_text_alignment=\u00bbdefault\u00bb phone_text_alignment=\u00bbdefault\u00bb animation_type=\u00bbdefault\u00bb bg_image_animation=\u00bbnone\u00bb border_type=\u00bbsimple\u00bb column_border_width=\u00bbnone\u00bb column_border_style=\u00bbsolid\u00bb][image_with_animation image_url=\u00bb7630&#8243; image_size=\u00bbfull\u00bb animation_type=\u00bbentrance\u00bb animation=\u00bbNone\u00bb hover_animation=\u00bbnone\u00bb alignment=\u00bbright\u00bb border_radius=\u00bbnone\u00bb box_shadow=\u00bbnone\u00bb image_loading=\u00bbdefault\u00bb max_width=\u00bb100%\u00bb max_width_mobile=\u00bbdefault\u00bb img_link=\u00bbhttps:\/\/www.ibizafeeling.com\/es\/hoteles\/the-blue-apartments\/apartamentos\/estudio\/\u00bb][\/vc_column][\/vc_row][vc_row type=\u00bbfull_width_content\u00bb full_screen_row_position=\u00bbmiddle\u00bb column_margin=\u00bbdefault\u00bb equal_height=\u00bbyes\u00bb column_direction=\u00bbdefault\u00bb column_direction_tablet=\u00bbdefault\u00bb column_direction_phone=\u00bbdefault\u00bb scene_position=\u00bbcenter\u00bb top_padding=\u00bb50&#8243; text_color=\u00bbdark\u00bb text_align=\u00bbleft\u00bb row_border_radius=\u00bbnone\u00bb row_border_radius_applies=\u00bbbg\u00bb overflow=\u00bbvisible\u00bb class=\u00bbblue_azul\u00bb overlay_strength=\u00bb0.3&#8243; gradient_direction=\u00bbleft_to_right\u00bb shape_divider_position=\u00bbbottom\u00bb bg_image_animation=\u00bbnone\u00bb][vc_column column_padding=\u00bbpadding-5-percent\u00bb column_padding_tablet=\u00bbinherit\u00bb column_padding_phone=\u00bbinherit\u00bb column_padding_position=\u00bbright\u00bb column_element_spacing=\u00bbdefault\u00bb background_color_opacity=\u00bb1&#8243; background_hover_color_opacity=\u00bb1&#8243; column_shadow=\u00bbnone\u00bb column_border_radius=\u00bbnone\u00bb column_link_target=\u00bb_self\u00bb column_position=\u00bbdefault\u00bb gradient_direction=\u00bbleft_to_right\u00bb overlay_strength=\u00bb0.3&#8243; width=\u00bb2\/3&#8243; tablet_width_inherit=\u00bbdefault\u00bb tablet_text_alignment=\u00bbdefault\u00bb phone_text_alignment=\u00bbdefault\u00bb animation_type=\u00bbdefault\u00bb bg_image_animation=\u00bbnone\u00bb border_type=\u00bbsimple\u00bb column_border_width=\u00bbnone\u00bb column_border_style=\u00bbsolid\u00bb][image_with_animation image_url=\u00bb7633&#8243; image_size=\u00bbfull\u00bb animation_type=\u00bbentrance\u00bb animation=\u00bbNone\u00bb hover_animation=\u00bbnone\u00bb alignment=\u00bb\u00bb border_radius=\u00bbnone\u00bb box_shadow=\u00bbnone\u00bb image_loading=\u00bbdefault\u00bb max_width=\u00bb100%\u00bb max_width_mobile=\u00bbdefault\u00bb img_link=\u00bbhttps:\/\/www.ibizafeeling.com\/es\/hoteles\/the-blue-apartments\/apartamentos\/apartamento\/\u00bb][\/vc_column][vc_column column_padding=\u00bbno-extra-padding\u00bb column_padding_tablet=\u00bbinherit\u00bb column_padding_phone=\u00bbinherit\u00bb column_padding_position=\u00bball\u00bb column_element_spacing=\u00bbdefault\u00bb background_color_opacity=\u00bb1&#8243; background_hover_color_opacity=\u00bb1&#8243; column_shadow=\u00bbnone\u00bb column_border_radius=\u00bbnone\u00bb column_link_target=\u00bb_self\u00bb column_position=\u00bbdefault\u00bb gradient_direction=\u00bbleft_to_right\u00bb overlay_strength=\u00bb0.3&#8243; width=\u00bb1\/3&#8243; tablet_width_inherit=\u00bbdefault\u00bb tablet_text_alignment=\u00bbdefault\u00bb phone_text_alignment=\u00bbdefault\u00bb animation_type=\u00bbdefault\u00bb bg_image_animation=\u00bbnone\u00bb border_type=\u00bbsimple\u00bb column_border_width=\u00bbnone\u00bb column_border_style=\u00bbsolid\u00bb][vc_column_text css=\u00bb.vc_custom_1663075048542{padding-top: 20% !important;padding-right: 20% !important;}\u00bb]\n<h2>Apartamentos<\/h2>\n<p>El apartamento tiene una capacidad de hasta 4 personas, con dos estancias, una zona di\u00e1fana de 26 m\u00b2 y una habitaci\u00f3n 17 m\u00b2.<br \/>\nTenemos 1 apartamento por cada planta de las 4 que tiene el edificio. [\/vc_column_text][vc_column_text el_class=\u00bbenlace_flecha\u00bb]<a href=\"https:\/\/www.ibizafeeling.com\/es\/hoteles\/the-blue-apartments\/apartamentos\/apartamentos\/\">VER APARTAMENTO<\/a> <div class=\"cont_flechita\"><a href=\"https:\/\/www.ibizafeeling.com\/es\/hoteles\/the-blue-apartments\/apartamentos\/apartamento\/\" class=\"flechita next\"><svg viewBox=\"0 0 100 100\"><path d=\"M 20,50 L 70,80 L 70,75 L 70,50  L 70,25 L 70,20 Z\" class=\"arrow\" transform=\"translate(100, 100) rotate(180) \"><\/path><\/svg><\/a><\/div>[\/vc_column_text][\/vc_column][\/vc_row][vc_row type=\u00bbfull_width_content\u00bb full_screen_row_position=\u00bbmiddle\u00bb column_margin=\u00bbdefault\u00bb column_direction=\u00bbdefault\u00bb column_direction_tablet=\u00bbdefault\u00bb column_direction_phone=\u00bbdefault\u00bb scene_position=\u00bbcenter\u00bb top_padding=\u00bb40&#8243; text_color=\u00bbdark\u00bb text_align=\u00bbleft\u00bb row_border_radius=\u00bbnone\u00bb row_border_radius_applies=\u00bbbg\u00bb overflow=\u00bbvisible\u00bb class=\u00bbmapa_frame\u00bb overlay_strength=\u00bb0.3&#8243; gradient_direction=\u00bbleft_to_right\u00bb shape_divider_position=\u00bbbottom\u00bb bg_image_animation=\u00bbnone\u00bb][vc_column column_padding=\u00bbno-extra-padding\u00bb column_padding_tablet=\u00bbinherit\u00bb column_padding_phone=\u00bbinherit\u00bb column_padding_position=\u00bball\u00bb column_element_spacing=\u00bbdefault\u00bb background_color_opacity=\u00bb1&#8243; background_hover_color_opacity=\u00bb1&#8243; column_shadow=\u00bbnone\u00bb column_border_radius=\u00bbnone\u00bb column_link_target=\u00bb_self\u00bb column_position=\u00bbdefault\u00bb gradient_direction=\u00bbleft_to_right\u00bb overlay_strength=\u00bb0.3&#8243; width=\u00bb1\/1&#8243; tablet_width_inherit=\u00bbdefault\u00bb tablet_text_alignment=\u00bbdefault\u00bb phone_text_alignment=\u00bbdefault\u00bb animation_type=\u00bbdefault\u00bb bg_image_animation=\u00bbnone\u00bb border_type=\u00bbsimple\u00bb column_border_width=\u00bbnone\u00bb column_border_style=\u00bbsolid\u00bb][vc_raw_html]JTNDaWZyYW1lJTIwc3JjJTNEJTIyaHR0cHMlM0ElMkYlMkZzbmF6enltYXBzLmNvbSUyRmVtYmVkJTJGMjYzNjAlMjIlMjB3aWR0aCUzRCUyMjEwMCUyNSUyMiUyMGhlaWdodCUzRCUyMjYwMHB4JTIyJTIwc3R5bGUlM0QlMjJib3JkZXIlM0Fub25lJTNCJTIyJTNFJTNDJTJGaWZyYW1lJTNF[\/vc_raw_html][\/vc_column][\/vc_row]\n","protected":false},"excerpt":{"rendered":"<p>[vc_row type=\u00bbfull_width_background\u00bb full_screen_row_position=\u00bbmiddle\u00bb column_margin=\u00bbdefault\u00bb column_direction=\u00bbdefault\u00bb column_direction_tablet=\u00bbdefault\u00bb column_direction_phone=\u00bbdefault\u00bb bg_image=\u00bb2185&#8243; bg_position=\u00bbcenter center\u00bb background_image_loading=\u00bbdefault\u00bb bg_repeat=\u00bbno-repeat\u00bb scene_position=\u00bbcenter\u00bb top_padding=\u00bb10%\u00bb bottom_padding=\u00bb10%\u00bb text_color=\u00bbdark\u00bb text_align=\u00bbleft\u00bb row_border_radius=\u00bbnone\u00bb row_border_radius_applies=\u00bbbg\u00bb overflow=\u00bbvisible\u00bb color_overlay=\u00bb#000000&#8243; overlay_strength=\u00bb0.5&#8243; gradient_direction=\u00bbleft_to_right\u00bb shape_divider_position=\u00bbbottom\u00bb bg_image_animation=\u00bbnone\u00bb shape_type=\u00bb\u00bb][vc_column column_padding=\u00bbno-extra-padding\u00bb column_padding_tablet=\u00bbinherit\u00bb column_padding_phone=\u00bbinherit\u00bb column_padding_position=\u00bball\u00bb&#8230;<\/p>\n","protected":false},"author":1,"featured_media":0,"parent":1178,"menu_order":0,"comment_status":"closed","ping_status":"closed","template":"","meta":{"om_disable_all_campaigns":false},"yoast_head":"<!-- This site is optimized with the Yoast SEO plugin v18.2 - https:\/\/yoast.com\/wordpress\/plugins\/seo\/ -->\n<title>The Blue Apartments Ibiza Feeling | Apartamentos San Antonio | Ibiza<\/title>\n<meta name=\"description\" content=\"Disponemos de 36 estudios y 4 apartamentos. Disponibles apartamentos para 4 personas o estudios para 2 personas. equipados para sorprender y relajarse\" \/>\n<meta name=\"robots\" content=\"index, follow, max-snippet:-1, max-image-preview:large, max-video-preview:-1\" \/>\n<link rel=\"canonical\" href=\"https:\/\/www.ibizafeeling.com\/es\/hoteles\/the-blue-apartments\/apartamentos\/\" \/>\n<meta property=\"og:locale\" content=\"es_ES\" \/>\n<meta property=\"og:type\" content=\"article\" \/>\n<meta property=\"og:title\" content=\"The Blue Apartments Ibiza Feeling | Apartamentos San Antonio | Ibiza\" \/>\n<meta property=\"og:description\" content=\"Disponemos de 36 estudios y 4 apartamentos. Disponibles apartamentos para 4 personas o estudios para 2 personas. equipados para sorprender y relajarse\" \/>\n<meta property=\"og:url\" content=\"https:\/\/www.ibizafeeling.com\/es\/hoteles\/the-blue-apartments\/apartamentos\/\" \/>\n<meta property=\"og:site_name\" content=\"Ibiza Feeling\" \/>\n<meta property=\"article:publisher\" content=\"https:\/\/www.facebook.com\/ibizafeeling\" \/>\n<meta property=\"article:modified_time\" content=\"2025-03-04T23:44:18+00:00\" \/>\n<meta name=\"twitter:card\" content=\"summary_large_image\" \/>\n<meta name=\"twitter:site\" content=\"@ibizafeeling\" \/>\n<meta name=\"twitter:label1\" content=\"Tiempo de lectura\" \/>\n\t<meta name=\"twitter:data1\" content=\"2 minutos\" \/>\n<script type=\"application\/ld+json\" class=\"yoast-schema-graph\">{\"@context\":\"https:\/\/schema.org\",\"@graph\":[{\"@type\":\"Organization\",\"@id\":\"https:\/\/www.ibizafeeling.com\/#organization\",\"name\":\"Ibiza Feeling Hotels\",\"url\":\"https:\/\/www.ibizafeeling.com\/\",\"sameAs\":[\"https:\/\/www.facebook.com\/ibizafeeling\",\"https:\/\/www.instagram.com\/ibizafeelingroup\/\",\"https:\/\/twitter.com\/ibizafeeling\"],\"logo\":{\"@type\":\"ImageObject\",\"@id\":\"https:\/\/www.ibizafeeling.com\/#logo\",\"inLanguage\":\"es\",\"url\":\"https:\/\/www.ibizafeeling.com\/wp-content\/uploads\/2017\/11\/logo.png\",\"contentUrl\":\"https:\/\/www.ibizafeeling.com\/wp-content\/uploads\/2017\/11\/logo.png\",\"width\":250,\"height\":100,\"caption\":\"Ibiza Feeling Hotels\"},\"image\":{\"@id\":\"https:\/\/www.ibizafeeling.com\/#logo\"}},{\"@type\":\"WebSite\",\"@id\":\"https:\/\/www.ibizafeeling.com\/#website\",\"url\":\"https:\/\/www.ibizafeeling.com\/\",\"name\":\"Ibiza Feeling\",\"description\":\"Hotels and apartments in Sant Antonio, Ibiza\",\"publisher\":{\"@id\":\"https:\/\/www.ibizafeeling.com\/#organization\"},\"potentialAction\":[{\"@type\":\"SearchAction\",\"target\":{\"@type\":\"EntryPoint\",\"urlTemplate\":\"https:\/\/www.ibizafeeling.com\/?s={search_term_string}\"},\"query-input\":\"required name=search_term_string\"}],\"inLanguage\":\"es\"},{\"@type\":\"WebPage\",\"@id\":\"https:\/\/www.ibizafeeling.com\/es\/hoteles\/the-blue-apartments\/apartamentos\/#webpage\",\"url\":\"https:\/\/www.ibizafeeling.com\/es\/hoteles\/the-blue-apartments\/apartamentos\/\",\"name\":\"The Blue Apartments Ibiza Feeling | Apartamentos San Antonio | Ibiza\",\"isPartOf\":{\"@id\":\"https:\/\/www.ibizafeeling.com\/#website\"},\"datePublished\":\"2017-05-30T11:55:55+00:00\",\"dateModified\":\"2025-03-04T23:44:18+00:00\",\"description\":\"Disponemos de 36 estudios y 4 apartamentos. Disponibles apartamentos para 4 personas o estudios para 2 personas. equipados para sorprender y relajarse\",\"breadcrumb\":{\"@id\":\"https:\/\/www.ibizafeeling.com\/es\/hoteles\/the-blue-apartments\/apartamentos\/#breadcrumb\"},\"inLanguage\":\"es\",\"potentialAction\":[{\"@type\":\"ReadAction\",\"target\":[\"https:\/\/www.ibizafeeling.com\/es\/hoteles\/the-blue-apartments\/apartamentos\/\"]}]},{\"@type\":\"BreadcrumbList\",\"@id\":\"https:\/\/www.ibizafeeling.com\/es\/hoteles\/the-blue-apartments\/apartamentos\/#breadcrumb\",\"itemListElement\":[{\"@type\":\"ListItem\",\"position\":1,\"name\":\"Portada\",\"item\":\"https:\/\/www.ibizafeeling.com\/es\/\"},{\"@type\":\"ListItem\",\"position\":2,\"name\":\"Hoteles y Apartamentos\",\"item\":\"https:\/\/www.ibizafeeling.com\/es\/hoteles\/\"},{\"@type\":\"ListItem\",\"position\":3,\"name\":\"The Blue Apartments\",\"item\":\"https:\/\/www.ibizafeeling.com\/es\/hoteles\/the-blue-apartments\/\"},{\"@type\":\"ListItem\",\"position\":4,\"name\":\"Apartamentos\"}]}]}<\/script>\n<!-- \/ Yoast SEO plugin. -->","yoast_head_json":{"title":"The Blue Apartments Ibiza Feeling | Apartamentos San Antonio | Ibiza","description":"Disponemos de 36 estudios y 4 apartamentos. Disponibles apartamentos para 4 personas o estudios para 2 personas. equipados para sorprender y relajarse","robots":{"index":"index","follow":"follow","max-snippet":"max-snippet:-1","max-image-preview":"max-image-preview:large","max-video-preview":"max-video-preview:-1"},"canonical":"https:\/\/www.ibizafeeling.com\/es\/hoteles\/the-blue-apartments\/apartamentos\/","og_locale":"es_ES","og_type":"article","og_title":"The Blue Apartments Ibiza Feeling | Apartamentos San Antonio | Ibiza","og_description":"Disponemos de 36 estudios y 4 apartamentos. Disponibles apartamentos para 4 personas o estudios para 2 personas. equipados para sorprender y relajarse","og_url":"https:\/\/www.ibizafeeling.com\/es\/hoteles\/the-blue-apartments\/apartamentos\/","og_site_name":"Ibiza Feeling","article_publisher":"https:\/\/www.facebook.com\/ibizafeeling","article_modified_time":"2025-03-04T23:44:18+00:00","twitter_card":"summary_large_image","twitter_site":"@ibizafeeling","twitter_misc":{"Tiempo de lectura":"2 minutos"},"schema":{"@context":"https:\/\/schema.org","@graph":[{"@type":"Organization","@id":"https:\/\/www.ibizafeeling.com\/#organization","name":"Ibiza Feeling Hotels","url":"https:\/\/www.ibizafeeling.com\/","sameAs":["https:\/\/www.facebook.com\/ibizafeeling","https:\/\/www.instagram.com\/ibizafeelingroup\/","https:\/\/twitter.com\/ibizafeeling"],"logo":{"@type":"ImageObject","@id":"https:\/\/www.ibizafeeling.com\/#logo","inLanguage":"es","url":"https:\/\/www.ibizafeeling.com\/wp-content\/uploads\/2017\/11\/logo.png","contentUrl":"https:\/\/www.ibizafeeling.com\/wp-content\/uploads\/2017\/11\/logo.png","width":250,"height":100,"caption":"Ibiza Feeling Hotels"},"image":{"@id":"https:\/\/www.ibizafeeling.com\/#logo"}},{"@type":"WebSite","@id":"https:\/\/www.ibizafeeling.com\/#website","url":"https:\/\/www.ibizafeeling.com\/","name":"Ibiza Feeling","description":"Hotels and apartments in Sant Antonio, Ibiza","publisher":{"@id":"https:\/\/www.ibizafeeling.com\/#organization"},"potentialAction":[{"@type":"SearchAction","target":{"@type":"EntryPoint","urlTemplate":"https:\/\/www.ibizafeeling.com\/?s={search_term_string}"},"query-input":"required name=search_term_string"}],"inLanguage":"es"},{"@type":"WebPage","@id":"https:\/\/www.ibizafeeling.com\/es\/hoteles\/the-blue-apartments\/apartamentos\/#webpage","url":"https:\/\/www.ibizafeeling.com\/es\/hoteles\/the-blue-apartments\/apartamentos\/","name":"The Blue Apartments Ibiza Feeling | Apartamentos San Antonio | Ibiza","isPartOf":{"@id":"https:\/\/www.ibizafeeling.com\/#website"},"datePublished":"2017-05-30T11:55:55+00:00","dateModified":"2025-03-04T23:44:18+00:00","description":"Disponemos de 36 estudios y 4 apartamentos. Disponibles apartamentos para 4 personas o estudios para 2 personas. equipados para sorprender y relajarse","breadcrumb":{"@id":"https:\/\/www.ibizafeeling.com\/es\/hoteles\/the-blue-apartments\/apartamentos\/#breadcrumb"},"inLanguage":"es","potentialAction":[{"@type":"ReadAction","target":["https:\/\/www.ibizafeeling.com\/es\/hoteles\/the-blue-apartments\/apartamentos\/"]}]},{"@type":"BreadcrumbList","@id":"https:\/\/www.ibizafeeling.com\/es\/hoteles\/the-blue-apartments\/apartamentos\/#breadcrumb","itemListElement":[{"@type":"ListItem","position":1,"name":"Portada","item":"https:\/\/www.ibizafeeling.com\/es\/"},{"@type":"ListItem","position":2,"name":"Hoteles y Apartamentos","item":"https:\/\/www.ibizafeeling.com\/es\/hoteles\/"},{"@type":"ListItem","position":3,"name":"The Blue Apartments","item":"https:\/\/www.ibizafeeling.com\/es\/hoteles\/the-blue-apartments\/"},{"@type":"ListItem","position":4,"name":"Apartamentos"}]}]}},"_links":{"self":[{"href":"https:\/\/www.ibizafeeling.com\/es\/wp-json\/wp\/v2\/pages\/1182"}],"collection":[{"href":"https:\/\/www.ibizafeeling.com\/es\/wp-json\/wp\/v2\/pages"}],"about":[{"href":"https:\/\/www.ibizafeeling.com\/es\/wp-json\/wp\/v2\/types\/page"}],"author":[{"embeddable":true,"href":"https:\/\/www.ibizafeeling.com\/es\/wp-json\/wp\/v2\/users\/1"}],"replies":[{"embeddable":true,"href":"https:\/\/www.ibizafeeling.com\/es\/wp-json\/wp\/v2\/comments?post=1182"}],"version-history":[{"count":13,"href":"https:\/\/www.ibizafeeling.com\/es\/wp-json\/wp\/v2\/pages\/1182\/revisions"}],"predecessor-version":[{"id":7759,"href":"https:\/\/www.ibizafeeling.com\/es\/wp-json\/wp\/v2\/pages\/1182\/revisions\/7759"}],"up":[{"embeddable":true,"href":"https:\/\/www.ibizafeeling.com\/es\/wp-json\/wp\/v2\/pages\/1178"}],"wp:attachment":[{"href":"https:\/\/www.ibizafeeling.com\/es\/wp-json\/wp\/v2\/media?parent=1182"}],"curies":[{"name":"wp","href":"https:\/\/api.w.org\/{rel}","templated":true}]}}